{"id":600,"date":"2025-03-20T16:35:29","date_gmt":"2025-03-20T20:35:29","guid":{"rendered":"https:\/\/amethyst-ottawa.org\/nos-services\/services-durgence-et-ressources-communautaires\/"},"modified":"2025-04-08T13:07:52","modified_gmt":"2025-04-08T17:07:52","slug":"services-durgence-et-ressources-communautaires","status":"publish","type":"page","link":"https:\/\/amethyst-ottawa.org\/fr\/nos-services\/services-durgence-et-ressources-communautaires\/","title":{"rendered":"Services d&rsquo;urgence et ressources communautaires"},"content":{"rendered":"\n<div class=\"wp-block-group alignfull is-style-default has-global-padding is-content-justification-center is-layout-constrained wp-block-group-is-layout-constrained\" style=\"margin-top:0;margin-bottom:0;padding-top:var(--wp--preset--spacing--50);padding-bottom:var(--wp--preset--spacing--50)\">\n<div class=\"wp-block-group alignwide has-global-padding is-content-justification-left is-layout-constrained wp-container-core-group-is-layout-059bc41c wp-block-group-is-layout-constrained\">\n<h2 class=\"wp-block-heading alignfull has-text-align-left\">Services de lutte contre les d\u00e9pendances<\/h2>\n<\/div>\n\n\n\n<div class=\"wp-block-group alignwide is-layout-flow wp-block-group-is-layout-flow\">\n<div class=\"wp-block-group is-layout-flow wp-block-group-is-layout-flow\">\n<div style=\"height:var(--wp--preset--spacing--20)\" aria-hidden=\"true\" class=\"wp-block-spacer\"><\/div>\n\n\n\n<div class=\"wp-block-columns alignwide is-layout-flex wp-container-core-columns-is-layout-d94f5e33 wp-block-columns-is-layout-flex\">\n<div class=\"wp-block-column is-layout-flow wp-block-column-is-layout-flow\">\n<h3 class=\"wp-block-heading is-service-name\"><a href=\"https:\/\/montfortrenaissance.ca\/en\/programs-and-services\/addiction\/?scrolled\">Service d&rsquo;acc\u00e8s au r\u00e9tablissement (SAR) :<\/a><\/h3>\n\n\n\n<p class=\"is-service-description has-black-color has-text-color has-link-color wp-elements-54238b8251d111495a2853b9790aa3c6 wp-block-paragraph\">Le SAR fournit un soutien \u00e0 la navigation de service pour la sant\u00e9 mentale et les d\u00e9pendances. Pour de nombreuses personnes, il s&rsquo;agit du premier point de contact au sein du syst\u00e8me de d\u00e9pendance. Si vous attendez un appel de notre part, nous vous recommandons vivement d&rsquo;appeler SAR et de demander des r\u00e9f\u00e9rences \u00e0 des organismes de soutien aux toxicomanes. Appelez maintenant au 613 241 5202.   <\/p>\n\n\n\n<p class=\"is-service-link wp-block-paragraph\"><a href=\"#\">En savoir plus<\/a><\/p>\n<\/div>\n\n\n\n<div class=\"wp-block-column is-layout-flow wp-block-column-is-layout-flow\">\n<h3 class=\"wp-block-heading is-service-name\"><a href=\"https:\/\/www.accessmha.ca\/\">Acc\u00e8sMHA<\/a><\/h3>\n\n\n\n<p class=\"is-service-description has-black-color has-text-color has-link-color wp-elements-86b9f2aa86f38dd883a4b7bd3d16c193 wp-block-paragraph\">fournit un syst\u00e8me de navigation pour la sant\u00e9 mentale et les d\u00e9pendances pour tout l&rsquo;Est de l&rsquo;Ontario, pour les personnes \u00e2g\u00e9es de 16 ans et plus.<\/p>\n\n\n\n<p class=\"is-service-link wp-block-paragraph\"><a href=\"#\">En savoir plus<\/a><\/p>\n<\/div>\n\n\n\n<div class=\"wp-block-column is-layout-flow wp-block-column-is-layout-flow\">\n<h3 class=\"wp-block-heading is-service-name\"><a href=\"https:\/\/montfortrenaissance.ca\/en\/programs-and-services\/addiction\/?scrolled\">Centre de gestion du retrait d&rsquo;Ottawa<\/a> <\/h3>\n\n\n\n<p class=\"is-service-description has-black-color has-text-color has-link-color wp-elements-40b17a2eae97c4ddba14bfc28c62db9f wp-block-paragraph\">fournit des services de gestion du sevrage et de soutien \u00e0 la d\u00e9sintoxication en milieu communautaire et r\u00e9sidentiel. 613 241 1525, ligne t\u00e9l\u00e9phonique disponible 24 heures sur 24 et 7 jours sur 7. <\/p>\n<\/div>\n<\/div>\n<\/div>\n<\/div>\n<\/div>\n\n<div class=\"wp-block-group alignfull is-style-default has-global-padding is-content-justification-center is-layout-constrained wp-block-group-is-layout-constrained\" style=\"margin-top:0;margin-bottom:0;padding-top:var(--wp--preset--spacing--50);padding-bottom:var(--wp--preset--spacing--50)\">\n<div class=\"wp-block-group alignwide is-layout-flow wp-block-group-is-layout-flow\">\n<div class=\"wp-block-group is-layout-flow wp-block-group-is-layout-flow\">\n<div style=\"height:var(--wp--preset--spacing--20)\" aria-hidden=\"true\" class=\"wp-block-spacer\"><\/div>\n\n\n\n<div class=\"wp-block-columns alignwide is-layout-flex wp-container-core-columns-is-layout-d94f5e33 wp-block-columns-is-layout-flex\">\n<div class=\"wp-block-column is-layout-flow wp-block-column-is-layout-flow\">\n<h3 class=\"wp-block-heading is-service-name\"><a href=\"https:\/\/montfortrenaissance.ca\/en\/programs-and-services\/addiction\/?scrolled\"><\/a><a href=\"https:\/\/www.counsellingconnect.org\/\">Counselling Connect<\/a> <\/h3>\n\n\n\n<p class=\"is-service-description has-black-color has-text-color has-link-color wp-elements-89ad09b36cde394064ce06d45ae439fa wp-block-paragraph\">  propose des th\u00e9rapies br\u00e8ves, individuelles et de groupe, avec un syst\u00e8me de r\u00e9servation en ligne en libre-service, rapide et accessible. Le conseil est disponible en anglais, en fran\u00e7ais et en arabe. Les s\u00e9ances sont souvent disponibles dans un d\u00e9lai d&rsquo;une semaine.  <\/p>\n\n\n\n<p class=\"is-service-link wp-block-paragraph\"><a href=\"#\">En savoir plus<\/a><\/p>\n<\/div>\n\n\n\n<div class=\"wp-block-column is-layout-flow wp-block-column-is-layout-flow\">\n<h3 class=\"wp-block-heading is-service-name\"><a href=\"https:\/\/www.accessmha.ca\/\"><\/a><a href=\"http:\/\/ementalhealth.ca\/\">eSant\u00e9Mentale.ca<\/a><\/h3>\n\n\n\n<p class=\"is-service-description has-black-color has-text-color has-link-color wp-elements-fa29be5d86ea1519639d119dc3243a1f wp-block-paragraph\">Annuaire des services de sant\u00e9 mentale<\/p>\n\n\n\n<p class=\"is-service-link wp-block-paragraph\"><a href=\"#\">En savoir plus<\/a><\/p>\n<\/div>\n\n\n\n<div class=\"wp-block-column is-layout-flow wp-block-column-is-layout-flow\">\n<h3 class=\"wp-block-heading is-service-name\"><a href=\"https:\/\/walkincounselling.com\/\">La clinique de conseil sans rendez-vous<\/a> <\/h3>\n\n\n\n<p class=\"is-service-description has-black-color has-text-color has-link-color wp-elements-d76b8ce120622adec602ef77d4521a05 wp-block-paragraph\">Services de conseil gratuits sur la base du principe \u00ab\u00a0premier arriv\u00e9, premier servi\u00a0\u00bb.<\/p>\n<\/div>\n<\/div>\n<\/div>\n<\/div>\n<\/div>\n\n<div class=\"wp-block-group alignfull is-style-default has-global-padding is-content-justification-center is-layout-constrained wp-block-group-is-layout-constrained\" style=\"margin-top:0;margin-bottom:0;padding-top:var(--wp--preset--spacing--50);padding-bottom:var(--wp--preset--spacing--50)\">\n<div class=\"wp-block-group alignwide has-global-padding is-layout-constrained wp-block-group-is-layout-constrained\">\n<h2 class=\"wp-block-heading alignfull has-text-align-left\">Lignes de crise<\/h2>\n<\/div>\n\n\n\n<div class=\"wp-block-group alignwide is-layout-flow wp-block-group-is-layout-flow\">\n<div class=\"wp-block-group is-layout-flow wp-block-group-is-layout-flow\">\n<div style=\"height:var(--wp--preset--spacing--20)\" aria-hidden=\"true\" class=\"wp-block-spacer\"><\/div>\n\n\n\n<div class=\"wp-block-columns alignwide is-layout-flex wp-container-core-columns-is-layout-d94f5e33 wp-block-columns-is-layout-flex\">\n<div class=\"wp-block-column is-layout-flow wp-block-column-is-layout-flow\">\n<h3 class=\"wp-block-heading is-service-name\"><a href=\"https:\/\/montfortrenaissance.ca\/en\/programs-and-services\/addiction\/?scrolled\"><\/a><a href=\"https:\/\/www.dcottawa.on.ca\/\">Le centre de d\u00e9tresse<\/a>:<\/h3>\n\n\n\n<p class=\"is-service-description has-black-color has-text-color has-link-color wp-elements-889eb9fe6b11746dd4cec94cb9aacae3 wp-block-paragraph\">  Le Centre de d\u00e9tresse r\u00e9pond aux appels 24 heures sur 24, 7 jours sur 7, et des sp\u00e9cialistes de la ligne de crise offrent un soutien confidentiel et bilingue. Les appelants peuvent joindre le Centre au 613-238-3311. ***NOUVEAU*** Vous pouvez maintenant envoyer un message texte et chatter avec le Centre de d\u00e9tresse entre 10 h et 23 h, 7 jours sur 7 - envoyez un message texte au 343-306-5550 ou chatter. <\/p>\n\n\n\n<p class=\"is-service-link wp-block-paragraph\"><a href=\"#\">En savoir plus<\/a><\/p>\n<\/div>\n\n\n\n<div class=\"wp-block-column is-layout-flow wp-block-column-is-layout-flow\">\n<h3 class=\"wp-block-heading is-service-name\"><a href=\"https:\/\/www.accessmha.ca\/\"><\/a><a href=\"https:\/\/crisisline.ca\/\">La ligne d&rsquo;\u00e9coute t\u00e9l\u00e9phonique pour la sant\u00e9 mentale<\/a> <\/h3>\n\n\n\n<p class=\"is-service-description has-black-color has-text-color has-link-color wp-elements-131938b8dfc14450a4424bdc5db2984a wp-block-paragraph\">est bilingue et r\u00e9pond aux appels des personnes \u00e2g\u00e9es de 16 ans et plus 24 heures sur 24, sept jours sur sept. La ligne est accessible au 613-722-6914. <\/p>\n\n\n\n<p class=\"is-service-link wp-block-paragraph\"><a href=\"#\">En savoir plus<\/a><\/p>\n<\/div>\n\n\n\n<div class=\"wp-block-column is-layout-flow wp-block-column-is-layout-flow\">\n<h3 class=\"wp-block-heading is-service-name\"><a href=\"https:\/\/telaideoutaouais.com\/\">Tel-Aide Outaouais<\/a><\/h3>\n\n\n\n<p class=\"is-service-description has-black-color has-text-color has-link-color wp-elements-494cc8ae5af5b34f00bef30fb1612bfc wp-block-paragraph\">offre un soutien t\u00e9l\u00e9phonique en sant\u00e9 mentale en fran\u00e7ais 24 heures sur 24, 7 jours sur 7. Les r\u00e9sidents d&rsquo;Ottawa peuvent composer le 613-741-6433 et ceux de Gatineau le 819-775-3223. <\/p>\n<\/div>\n<\/div>\n<\/div>\n<\/div>\n<\/div>\n\n<div class=\"wp-block-group alignfull is-style-default has-global-padding is-content-justification-center is-layout-constrained wp-block-group-is-layout-constrained\" style=\"margin-top:0;margin-bottom:0;padding-top:var(--wp--preset--spacing--50);padding-bottom:var(--wp--preset--spacing--50)\">\n<div class=\"wp-block-group alignwide is-layout-flow wp-block-group-is-layout-flow\">\n<div class=\"wp-block-group is-layout-flow wp-block-group-is-layout-flow\">\n<div style=\"height:var(--wp--preset--spacing--20)\" aria-hidden=\"true\" class=\"wp-block-spacer\"><\/div>\n\n\n\n<div class=\"wp-block-columns alignwide is-layout-flex wp-container-core-columns-is-layout-d94f5e33 wp-block-columns-is-layout-flex\">\n<div class=\"wp-block-column is-layout-flow wp-block-column-is-layout-flow\">\n<h3 class=\"wp-block-heading is-service-name\"><a href=\"https:\/\/montfortrenaissance.ca\/en\/programs-and-services\/addiction\/?scrolled\"><\/a><a href=\"https:\/\/www.nors.ca\/about\">Le Service national de r\u00e9ponse aux overdoses (NORS)<\/a> <\/h3>\n\n\n\n<p class=\"is-service-description has-black-color has-text-color has-link-color wp-elements-40c6b106ee0a85b4be9aed02a63b6bef wp-block-paragraph\">Il s&rsquo;agit d&rsquo;un service national de pr\u00e9vention des overdoses par t\u00e9l\u00e9phone, bas\u00e9 et g\u00e9r\u00e9 par des pairs. NORS fonctionne en appelant le 1-888-688-NORS (6677) et en \u00e9tant mis en relation avec un pair b\u00e9n\u00e9vole qui restera en ligne pendant 15 \u00e0 30 minutes pour superviser la consommation de drogues. Au cours de l&rsquo;appel, si l&rsquo;on craint une overdose, par exemple si le client-e-s ne r\u00e9agit pas, le superviseur ou la superviseuse se met en relation avec les services locaux de r\u00e9partition des appels d&rsquo;urgence (911)  <\/p>\n\n\n\n<p class=\"is-service-link wp-block-paragraph\"><a href=\"#\">En savoir plus<\/a><\/p>\n<\/div>\n\n\n\n<div class=\"wp-block-column is-layout-flow wp-block-column-is-layout-flow\">\n<h3 class=\"wp-block-heading is-service-name\"><a href=\"https:\/\/www.accessmha.ca\/\"><\/a><a href=\"http:\/\/ementalhealth.ca\/\"><\/a><a href=\"https:\/\/www.ysb.ca\/\">Bureau des services \u00e0 la jeunesse <\/a>(BSJ)<\/h3>\n\n\n\n<p class=\"is-service-description has-black-color has-text-color has-link-color wp-elements-b40a237c79554717b6cb1c4c2abebb74 wp-block-paragraph\">offre des conseils aux jeunes et aux familles, un soutien en cas de crise, une ligne d&rsquo;\u00e9coute 24 heures sur 24 et 7 jours sur 7 au 613-260-2360, des conseils sans rendez-vous et un service de chat en ligne en cas de crise pour les jeunes \u00e0 l&rsquo;adresse <a href=\"https:\/\/www.ysb.ca\/services\/ysb-mental-health\/24-7-crisis-line\/\" rel=\"nofollow\">https:\/\/www.ysb.ca\/services\/ysb-mental-health\/24-7-crisis-line\/<\/a>.<\/p>\n<\/div>\n\n\n\n<div class=\"wp-block-column is-layout-flow wp-block-column-is-layout-flow\">\n<h3 class=\"wp-block-heading is-service-name\"><a href=\"https:\/\/orcc.net\/\">Centre d&rsquo;aide aux victimes de viol d&rsquo;Ottawa<\/a>:  <\/h3>\n\n\n\n<p class=\"is-service-description has-black-color has-text-color has-link-color wp-elements-36a1afd88aeccad6e9287bf88e10f888 wp-block-paragraph\">L&rsquo;ORCC soutient et responsabilise les femmes trans et cis, les hommes trans, les personnes bispirituelles, fluides et non binaires. La ligne d&rsquo;\u00e9coute t\u00e9l\u00e9phonique offre un service 7 jours sur 7 aux survivants de la violence sexuelle, aux sympathisants, \u00e0 la famille et aux amis des survivants. Contactez quelqu&rsquo;un d\u00e8s maintenant en appelant le 613-562-2333.  <\/p>\n<\/div>\n<\/div>\n<\/div>\n<\/div>\n<\/div>\n\n<div class=\"wp-block-group alignfull is-style-default has-global-padding is-content-justification-center is-layout-constrained wp-block-group-is-layout-constrained\" style=\"margin-top:0;margin-bottom:0;padding-top:var(--wp--preset--spacing--50);padding-bottom:var(--wp--preset--spacing--50)\">\n<div class=\"wp-block-group alignwide is-layout-flow wp-block-group-is-layout-flow\">\n<div class=\"wp-block-group is-layout-flow wp-block-group-is-layout-flow\">\n<div style=\"height:var(--wp--preset--spacing--20)\" aria-hidden=\"true\" class=\"wp-block-spacer\"><\/div>\n\n\n\n<div class=\"wp-block-columns alignwide is-layout-flex wp-container-core-columns-is-layout-d94f5e33 wp-block-columns-is-layout-flex\">\n<div class=\"wp-block-column is-layout-flow wp-block-column-is-layout-flow\">\n<h3 class=\"wp-block-heading is-service-name\"><a href=\"https:\/\/montfortrenaissance.ca\/en\/programs-and-services\/addiction\/?scrolled\"><\/a><a href=\"https:\/\/femaide.ca\/\">Fem-Aide<\/a> (Violence envers les femmes)  <\/h3>\n\n\n\n<p class=\"is-service-description has-black-color has-text-color has-link-color wp-elements-61b529b02d1a252efdb156237c7cc153 wp-block-paragraph\">Fem&rsquo;aide est un service en fran\u00e7ais disponible 24 heures sur 24, 7 jours sur 7 : 1-877-336-2433.  <\/p>\n\n\n\n<p class=\"is-service-link wp-block-paragraph\"><\/p>\n<\/div>\n\n\n\n<div class=\"wp-block-column is-layout-flow wp-block-column-is-layout-flow\">\n<h3 class=\"wp-block-heading is-service-name\"><a href=\"https:\/\/www.accessmha.ca\/\"><\/a><a href=\"http:\/\/ementalhealth.ca\/\"><\/a><a href=\"https:\/\/unsafeathomeottawa.ca\/\">Un foyer dangereux \u00e0 Ottawa<\/a><\/h3>\n\n\n\n<p class=\"is-service-description has-black-color has-text-color has-link-color wp-elements-4b1e5b57176668a88cfa055f54f46231 wp-block-paragraph\">Soutien par texte et par chat en cas de violence et d&rsquo;abus<\/p>\n<\/div>\n<\/div>\n\n\n\n<p class=\"wp-block-paragraph\"><\/p>\n<\/div>\n<\/div>\n<\/div>\n","protected":false},"excerpt":{"rendered":"<p>Services de lutte contre les d\u00e9pendances Service d&rsquo;acc\u00e8s au r\u00e9tablissement (SAR) : Le SAR fournit un soutien \u00e0 la navigation de service pour la sant\u00e9 mentale et les d\u00e9pendances. Pour de nombreuses personnes, il s&rsquo;agit du premier point de contact au sein du syst\u00e8me de d\u00e9pendance. Si vous attendez un appel de notre part, nous [&hellip;]<\/p>\n","protected":false},"author":262203834,"featured_media":0,"parent":489,"menu_order":0,"comment_status":"closed","ping_status":"closed","template":"","meta":{"_crdt_document":"","advanced_seo_description":"","jetpack_seo_html_title":"","jetpack_seo_noindex":false,"footnotes":""},"class_list":["post-600","page","type-page","status-publish","hentry"],"jetpack_likes_enabled":true,"jetpack_sharing_enabled":true,"jetpack_shortlink":"https:\/\/wp.me\/Pgmqwu-9G","jetpack-related-posts":[],"_links":{"self":[{"href":"https:\/\/amethyst-ottawa.org\/fr\/wp-json\/wp\/v2\/pages\/600","targetHints":{"allow":["GET"]}}],"collection":[{"href":"https:\/\/amethyst-ottawa.org\/fr\/wp-json\/wp\/v2\/pages"}],"about":[{"href":"https:\/\/amethyst-ottawa.org\/fr\/wp-json\/wp\/v2\/types\/page"}],"author":[{"embeddable":true,"href":"https:\/\/amethyst-ottawa.org\/fr\/wp-json\/wp\/v2\/users\/262203834"}],"replies":[{"embeddable":true,"href":"https:\/\/amethyst-ottawa.org\/fr\/wp-json\/wp\/v2\/comments?post=600"}],"version-history":[{"count":1,"href":"https:\/\/amethyst-ottawa.org\/fr\/wp-json\/wp\/v2\/pages\/600\/revisions"}],"predecessor-version":[{"id":601,"href":"https:\/\/amethyst-ottawa.org\/fr\/wp-json\/wp\/v2\/pages\/600\/revisions\/601"}],"up":[{"embeddable":true,"href":"https:\/\/amethyst-ottawa.org\/fr\/wp-json\/wp\/v2\/pages\/489"}],"wp:attachment":[{"href":"https:\/\/amethyst-ottawa.org\/fr\/wp-json\/wp\/v2\/media?parent=600"}],"curies":[{"name":"wp","href":"https:\/\/api.w.org\/{rel}","templated":true}]}}