{"id":522,"date":"2025-04-01T16:54:10","date_gmt":"2025-04-01T20:54:10","guid":{"rendered":"https:\/\/amethyst-ottawa.org\/nos-services\/ateliers-et-programmes-intensifs\/"},"modified":"2025-04-11T13:54:39","modified_gmt":"2025-04-11T17:54:39","slug":"ateliers-et-programmes-intensifs","status":"publish","type":"page","link":"https:\/\/amethyst-ottawa.org\/fr\/nos-services\/ateliers-et-programmes-intensifs\/","title":{"rendered":"Ateliers et programmes intensifs"},"content":{"rendered":"\n<h3 class=\"wp-block-heading has-black-color has-text-color has-link-color wp-elements-87d9c3511af710498c626461c7d0e962\">Nos services sont gratuits, offerts en anglais et en fran\u00e7ais, et peuvent \u00eatre fournis en personne ou \u00e0 distance en ligne.<\/h3>\n\n\n\n<div style=\"height:0px\" aria-hidden=\"true\" class=\"wp-block-spacer\"><\/div>\n\n\n\n<figure class=\"wp-block-image aligncenter size-full is-resized wp-duotone-unset-1\"><img data-recalc-dims=\"1\" loading=\"lazy\" decoding=\"async\" width=\"500\" height=\"500\" src=\"https:\/\/i0.wp.com\/amethyst-ottawa.org\/wp-content\/uploads\/2025\/03\/5.png?resize=500%2C500&#038;ssl=1\" alt=\"Graphique repr\u00e9sentant deux personnes en train de jardiner et de planter un petit arbre. Les deux personnes sourient, tenant ensemble le pot de l'arbre.\" class=\"wp-image-129\" style=\"width:398px;height:auto\"\/><figcaption class=\"wp-element-caption\">Graphique repr\u00e9sentant deux personnes en train de jardiner et de planter un petit arbre. Les deux personnes sourient, tenant ensemble le pot de l&rsquo;arbre.<\/figcaption><\/figure>\n\n\n\n<div style=\"height:27px\" aria-hidden=\"true\" class=\"wp-block-spacer\"><\/div>\n\n\n\n<p class=\"wp-block-paragraph\">En fonction du financement et de la disponibilit\u00e9, les client\u00b7e\u00b7s peuvent imm\u00e9diatement acc\u00e9der \u00e0 des ateliers et \u00e0 des programmes intensifs de r\u00e9tablissement.<\/p>\n\n\n\n<div style=\"height:27px\" aria-hidden=\"true\" class=\"wp-block-spacer\"><\/div>\n\n\n\n<h4 class=\"wp-block-heading\">Ateliers<\/h4>\n\n\n\n<p class=\"wp-block-paragraph\">Ateliers offerts sur une vari\u00e9t\u00e9 de sujets en anglais et en fran\u00e7ais tels que la pr\u00e9vention de la rechute, la dynamique familiale, la gu\u00e9rison des traumatismes et la pleine conscience.<\/p>\n\n\n\n<div style=\"height:26px\" aria-hidden=\"true\" class=\"wp-block-spacer\"><\/div>\n\n\n\n<h4 class=\"wp-block-heading\">Comportements de jeu<\/h4>\n\n\n\n<p class=\"wp-block-paragraph\">Un soutien et un traitement individuels sont propos\u00e9s pour r\u00e9pondre aux d\u00e9fis sp\u00e9cifiques li\u00e9s au jeu probl\u00e9matique.<\/p>\n\n\n\n<div style=\"height:29px\" aria-hidden=\"true\" class=\"wp-block-spacer\"><\/div>\n\n\n\n<h4 class=\"wp-block-heading\">Programme de soutien aux victimes d&rsquo;agressions sexuelles<\/h4>\n\n\n\n<p class=\"wp-block-paragraph\">Ce programme s&rsquo;adresse aux personnes identifi\u00e9es comme femmes et aux personnes de<br>la diversit\u00e9 de genre qui ont \u00e9t\u00e9 victimes d&rsquo;abus sexuels pendant leur enfance. Il comprend un groupe de th\u00e9rapie ax\u00e9e sur les traumatismes d&rsquo;une dur\u00e9e de 12 semaines.<\/p>\n\n\n\n<div style=\"height:29px\" aria-hidden=\"true\" class=\"wp-block-spacer\"><\/div>\n\n\n\n<p class=\"wp-block-paragraph\"><strong>Pour acc\u00e9der \u00e0 nos services, veuillez vous r\u00e9f\u00e9rer \u00e0 la page <a href=\"https:\/\/amethyst-ottawa.org\/fr\/planifiez-votre-visite\/\">\u00ab\u00a0Planifiez votre visite\u00a0\u00bb<\/a>.<\/strong><\/p>\n\n\n\n<div style=\"height:123px\" aria-hidden=\"true\" class=\"wp-block-spacer\"><\/div>\n\n\n\n<div class=\"wp-block-group alignfull has-contrast-color has-text-color is-vertical is-content-justification-center is-layout-flex wp-container-core-group-is-layout-f2b55546 wp-block-group-is-layout-flex\" style=\"min-height:0vh;margin-top:0;margin-bottom:0;padding-top:var(--wp--preset--spacing--20);padding-right:var(--wp--preset--spacing--80);padding-bottom:var(--wp--preset--spacing--20);padding-left:var(--wp--preset--spacing--80)\">\n<div class=\"wp-block-group is-nowrap is-layout-flex wp-container-core-group-is-layout-cb0a7ccb wp-block-group-is-layout-flex\"\/>\n\n\n\n<div class=\"wp-block-group is-nowrap is-layout-flex wp-container-core-group-is-layout-cb0a7ccb wp-block-group-is-layout-flex\">\n<p class=\"has-text-align-center has-text-color has-link-color has-medium-font-size wp-elements-f9f84033b78b90a84417d8bcdd660244 wp-block-paragraph\" style=\"color:#5a2d82\">Centre Amethyst d&rsquo;Ottawa est financ\u00e9 par<\/p>\n<\/div>\n\n\n\n<div class=\"wp-block-group is-nowrap is-layout-flex wp-container-core-group-is-layout-cb0a7ccb wp-block-group-is-layout-flex\">\n<figure class=\"wp-block-image size-large is-resized wp-duotone-unset-2\" style=\"margin-top:var(--wp--preset--spacing--30);margin-bottom:var(--wp--preset--spacing--30)\"><img data-recalc-dims=\"1\" loading=\"lazy\" decoding=\"async\" width=\"498\" height=\"167\" src=\"https:\/\/i0.wp.com\/amethyst-ottawa.org\/wp-content\/uploads\/2025\/02\/uweo-en-colour-horizontal-1.png?resize=498%2C167&#038;ssl=1\" alt=\"\" class=\"wp-image-183\" style=\"width:374px;height:auto\"\/><\/figure>\n\n\n\n<figure class=\"wp-block-image size-large is-resized wp-duotone-unset-3\"><img data-recalc-dims=\"1\" loading=\"lazy\" decoding=\"async\" width=\"1024\" height=\"450\" src=\"https:\/\/i0.wp.com\/amethyst-ottawa.org\/wp-content\/uploads\/2025\/04\/OTF-Logo_Horiz-Colour.png?resize=1024%2C450&#038;ssl=1\" alt=\"\" class=\"wp-image-696\" style=\"width:327px;height:auto\" srcset=\"https:\/\/i0.wp.com\/amethyst-ottawa.org\/wp-content\/uploads\/2025\/04\/OTF-Logo_Horiz-Colour.png?resize=1024%2C450&amp;ssl=1 1024w, https:\/\/i0.wp.com\/amethyst-ottawa.org\/wp-content\/uploads\/2025\/04\/OTF-Logo_Horiz-Colour.png?resize=300%2C132&amp;ssl=1 300w, https:\/\/i0.wp.com\/amethyst-ottawa.org\/wp-content\/uploads\/2025\/04\/OTF-Logo_Horiz-Colour.png?resize=768%2C338&amp;ssl=1 768w, https:\/\/i0.wp.com\/amethyst-ottawa.org\/wp-content\/uploads\/2025\/04\/OTF-Logo_Horiz-Colour.png?resize=1536%2C676&amp;ssl=1 1536w, https:\/\/i0.wp.com\/amethyst-ottawa.org\/wp-content\/uploads\/2025\/04\/OTF-Logo_Horiz-Colour.png?w=1989&amp;ssl=1 1989w\" sizes=\"auto, (max-width: 1000px) 100vw, 1000px\" \/><\/figure>\n\n\n\n<figure class=\"wp-block-image size-large is-resized wp-duotone-unset-4\" style=\"margin-top:0;margin-right:var(--wp--preset--spacing--30);margin-bottom:0;margin-left:var(--wp--preset--spacing--30)\"><img data-recalc-dims=\"1\" loading=\"lazy\" decoding=\"async\" width=\"1088\" height=\"533\" src=\"https:\/\/i0.wp.com\/amethyst-ottawa.org\/wp-content\/uploads\/2025\/02\/oh-eng-pos-rgb-1-1.png?resize=1088%2C533&#038;ssl=1\" alt=\"\" class=\"wp-image-184\" style=\"width:284px;height:auto\"\/><\/figure>\n<\/div>\n<\/div>\n","protected":false},"excerpt":{"rendered":"<p>Nos services sont gratuits, offerts en anglais et en fran\u00e7ais, et peuvent \u00eatre fournis en personne ou \u00e0 distance en ligne. En fonction du financement et de la disponibilit\u00e9, les client\u00b7e\u00b7s peuvent imm\u00e9diatement acc\u00e9der \u00e0 des ateliers et \u00e0 des programmes intensifs de r\u00e9tablissement. Ateliers Ateliers offerts sur une vari\u00e9t\u00e9 de sujets en anglais et [&hellip;]<\/p>\n","protected":false},"author":262203834,"featured_media":0,"parent":489,"menu_order":0,"comment_status":"closed","ping_status":"closed","template":"","meta":{"_crdt_document":"","advanced_seo_description":"","jetpack_seo_html_title":"","jetpack_seo_noindex":false,"footnotes":""},"class_list":["post-522","page","type-page","status-publish","hentry"],"jetpack_likes_enabled":true,"jetpack_sharing_enabled":true,"jetpack_shortlink":"https:\/\/wp.me\/Pgmqwu-8q","jetpack-related-posts":[],"_links":{"self":[{"href":"https:\/\/amethyst-ottawa.org\/fr\/wp-json\/wp\/v2\/pages\/522","targetHints":{"allow":["GET"]}}],"collection":[{"href":"https:\/\/amethyst-ottawa.org\/fr\/wp-json\/wp\/v2\/pages"}],"about":[{"href":"https:\/\/amethyst-ottawa.org\/fr\/wp-json\/wp\/v2\/types\/page"}],"author":[{"embeddable":true,"href":"https:\/\/amethyst-ottawa.org\/fr\/wp-json\/wp\/v2\/users\/262203834"}],"replies":[{"embeddable":true,"href":"https:\/\/amethyst-ottawa.org\/fr\/wp-json\/wp\/v2\/comments?post=522"}],"version-history":[{"count":5,"href":"https:\/\/amethyst-ottawa.org\/fr\/wp-json\/wp\/v2\/pages\/522\/revisions"}],"predecessor-version":[{"id":709,"href":"https:\/\/amethyst-ottawa.org\/fr\/wp-json\/wp\/v2\/pages\/522\/revisions\/709"}],"up":[{"embeddable":true,"href":"https:\/\/amethyst-ottawa.org\/fr\/wp-json\/wp\/v2\/pages\/489"}],"wp:attachment":[{"href":"https:\/\/amethyst-ottawa.org\/fr\/wp-json\/wp\/v2\/media?parent=522"}],"curies":[{"name":"wp","href":"https:\/\/api.w.org\/{rel}","templated":true}]}}