{"id":516,"date":"2025-03-25T16:54:55","date_gmt":"2025-03-25T20:54:55","guid":{"rendered":"https:\/\/amethyst-ottawa.org\/a-propos-de-nous\/temoignages\/"},"modified":"2025-04-10T11:47:03","modified_gmt":"2025-04-10T15:47:03","slug":"temoignages","status":"publish","type":"page","link":"https:\/\/amethyst-ottawa.org\/fr\/a-propos-de-nous\/temoignages\/","title":{"rendered":"T\u00e9moignages"},"content":{"rendered":"\n<figure class=\"wp-block-embed is-type-video is-provider-youtube wp-block-embed-youtube wp-embed-aspect-16-9 wp-has-aspect-ratio\"><div class=\"wp-block-embed__wrapper\">\n<span class=\"embed-youtube\" style=\"text-align:center; display: block;\"><iframe loading=\"lazy\" class=\"youtube-player\" width=\"640\" height=\"360\" src=\"https:\/\/www.youtube.com\/embed\/lV_Vae18eCA?version=3&#038;rel=1&#038;showsearch=0&#038;showinfo=1&#038;iv_load_policy=1&#038;fs=1&#038;hl=fr-FR&#038;autohide=2&#038;wmode=transparent\" allowfullscreen=\"true\" style=\"border:0;\" sandbox=\"allow-scripts allow-same-origin allow-popups allow-presentation allow-popups-to-escape-sandbox\"><\/iframe><\/span>\n<\/div><\/figure>\n\n<figure class=\"wp-block-embed is-type-video is-provider-youtube wp-block-embed-youtube wp-embed-aspect-16-9 wp-has-aspect-ratio\"><div class=\"wp-block-embed__wrapper\">\n<span class=\"embed-youtube\" style=\"text-align:center; display: block;\"><iframe loading=\"lazy\" class=\"youtube-player\" width=\"640\" height=\"360\" src=\"https:\/\/www.youtube.com\/embed\/HUMgA4dBy5Q?version=3&#038;rel=1&#038;showsearch=0&#038;showinfo=1&#038;iv_load_policy=1&#038;fs=1&#038;hl=fr-FR&#038;autohide=2&#038;wmode=transparent\" allowfullscreen=\"true\" style=\"border:0;\" sandbox=\"allow-scripts allow-same-origin allow-popups allow-presentation allow-popups-to-escape-sandbox\"><\/iframe><\/span>\n<\/div><\/figure>\n\n<figure class=\"wp-block-embed is-type-video is-provider-youtube wp-block-embed-youtube wp-embed-aspect-16-9 wp-has-aspect-ratio\"><div class=\"wp-block-embed__wrapper\">\n<span class=\"embed-youtube\" style=\"text-align:center; display: block;\"><iframe loading=\"lazy\" class=\"youtube-player\" width=\"640\" height=\"360\" src=\"https:\/\/www.youtube.com\/embed\/tDHwOuANKAw?version=3&#038;rel=1&#038;showsearch=0&#038;showinfo=1&#038;iv_load_policy=1&#038;fs=1&#038;hl=fr-FR&#038;autohide=2&#038;wmode=transparent\" allowfullscreen=\"true\" style=\"border:0;\" sandbox=\"allow-scripts allow-same-origin allow-popups allow-presentation allow-popups-to-escape-sandbox\"><\/iframe><\/span>\n<\/div><\/figure>\n\n<figure class=\"wp-block-embed is-type-video is-provider-youtube wp-block-embed-youtube wp-embed-aspect-16-9 wp-has-aspect-ratio\"><div class=\"wp-block-embed__wrapper\">\n<span class=\"embed-youtube\" style=\"text-align:center; display: block;\"><iframe loading=\"lazy\" class=\"youtube-player\" width=\"640\" height=\"360\" src=\"https:\/\/www.youtube.com\/embed\/QdwlGkLVs4Q?version=3&#038;rel=1&#038;showsearch=0&#038;showinfo=1&#038;iv_load_policy=1&#038;fs=1&#038;hl=fr-FR&#038;autohide=2&#038;start=52&#038;wmode=transparent\" allowfullscreen=\"true\" style=\"border:0;\" sandbox=\"allow-scripts allow-same-origin allow-popups allow-presentation allow-popups-to-escape-sandbox\"><\/iframe><\/span>\n<\/div><\/figure>\n\n<figure class=\"wp-block-embed is-type-video is-provider-youtube wp-block-embed-youtube wp-embed-aspect-16-9 wp-has-aspect-ratio\"><div class=\"wp-block-embed__wrapper\">\n<span class=\"embed-youtube\" style=\"text-align:center; display: block;\"><iframe loading=\"lazy\" class=\"youtube-player\" width=\"640\" height=\"360\" src=\"https:\/\/www.youtube.com\/embed\/sb4d894uWG8?version=3&#038;rel=1&#038;showsearch=0&#038;showinfo=1&#038;iv_load_policy=1&#038;fs=1&#038;hl=fr-FR&#038;autohide=2&#038;wmode=transparent\" allowfullscreen=\"true\" style=\"border:0;\" sandbox=\"allow-scripts allow-same-origin allow-popups allow-presentation allow-popups-to-escape-sandbox\"><\/iframe><\/span>\n<\/div><\/figure>\n\n<div style=\"height:53px\" aria-hidden=\"true\" class=\"wp-block-spacer\"><\/div>\n\n<h2 class=\"wp-block-heading\">Programme de soutien pour la consommation de substances<\/h2>\n\n<p class=\"wp-block-paragraph\">Le Centre Amethyst d&rsquo;Ottawa est un endroit chaleureux et accueillant. J&rsquo;ai vraiment appr\u00e9ci\u00e9 le temps que j&rsquo;ai pass\u00e9 au centre parce que je n&rsquo;ai pas eu l&rsquo;impression d&rsquo;\u00eatre dans un milieu clinique. J&rsquo;ai beaucoup aim\u00e9 le respect qu&rsquo;ils ont pour toutes les personnes qui viennent y chercher des services et leur volont\u00e9 de rencontrer le client l\u00e0 o\u00f9 il en est dans son cheminement vers la gu\u00e9rison. Ils ont fait preuve d&rsquo;une grande patience pendant mon cheminement et j&rsquo;en suis heureuse, car sans leur aide, je n&rsquo;aurais pas r\u00e9ussi \u00e0 me r\u00e9tablir aussi bien que je le fais maintenant.   <\/p>\n\n<div style=\"height:34px\" aria-hidden=\"true\" class=\"wp-block-spacer\"><\/div>\n\n<p class=\"wp-block-paragraph\">Ils ont attendu que je me sente \u00e0 l&rsquo;aise et, gr\u00e2ce \u00e0 leur patience, j&rsquo;ai pu m&rsquo;accepter, apprendre, commencer \u00e0 parler et progresser avec succ\u00e8s dans mon r\u00e9tablissement. Je recommande vivement Amethyst \u00e0 toutes les femmes. Je vous remercie !  <\/p>\n\n<p class=\"wp-block-paragraph\"><em><strong>Client consommant des substances psychoactives<\/strong><\/em><\/p>\n\n<div style=\"height:53px\" aria-hidden=\"true\" class=\"wp-block-spacer\"><\/div>\n\n<h2 class=\"wp-block-heading\">Programme de soutien pour le jeu probl\u00e9matique<\/h2>\n\n<p class=\"wp-block-paragraph\">Les r\u00eaves et les souhaits peuvent se r\u00e9aliser J&rsquo;ai pass\u00e9 la majeure partie de ma vie \u00e0 croire que les r\u00eaves et les souhaits ne se r\u00e9alisaient jamais. En 2001, tout s&rsquo;est effondr\u00e9. J&rsquo;avais travers\u00e9 la vie en \u00e9tant totalement engourdi et inconscient de ce qui se passait autour de moi. J&rsquo;ai trouv\u00e9 un moyen de m&rsquo;isoler encore plus. J&rsquo;ai d\u00e9couvert les jeux d&rsquo;argent. J&rsquo;ai jou\u00e9 pendant environ un an et je me suis tellement endett\u00e9 que j&rsquo;ai perdu mon emploi, ma maison et ma relation. Puis j&rsquo;ai d\u00e9couvert l&rsquo;am\u00e9thyste.     <\/p>\n\n<p class=\"wp-block-paragraph\"><br\/>L&rsquo;am\u00e9thyste m&rsquo;a ramen\u00e9e \u00e0 la vie. Les femmes extraordinaires qui s&rsquo;y trouvent m&rsquo;ont ramen\u00e9e \u00e0 la sant\u00e9. Elles m&rsquo;ont appris \u00e0 prendre des d\u00e9cisions et \u00e0 faire des choix sains et m&rsquo;ont montr\u00e9 que je comptais. Que mes besoins et mes d\u00e9sirs \u00e9taient importants. Elles m&rsquo;ont enseign\u00e9 des comp\u00e9tences que j&rsquo;aurais d\u00fb acqu\u00e9rir en grandissant, comme des m\u00e9canismes d&rsquo;adaptation sains, comment prendre soin de moi et qu&rsquo;il n&rsquo;\u00e9tait pas \u00e9go\u00efste de faire valoir ses besoins.    <\/p>\n\n<div style=\"height:34px\" aria-hidden=\"true\" class=\"wp-block-spacer\"><\/div>\n\n<p class=\"wp-block-paragraph\">Aujourd&rsquo;hui, j&rsquo;ai tout ce dont je r\u00eavais dans le \u00ab\u00a0JACKPOT GAGNANT\u00a0\u00bb et je ne l&rsquo;ai pas obtenu en jouant. Lorsque j&rsquo;ai arr\u00eat\u00e9 de jouer en f\u00e9vrier 2001, ma vie a commenc\u00e9. Je dois remercier Amethyst de m&rsquo;avoir aid\u00e9e \u00e0 construire une vie dont je n&rsquo;aurais jamais pu r\u00eaver. J&rsquo;ai maintenant un travail merveilleux, une maison et j&rsquo;ai pu renouer et reconstruire ma relation. Ainsi, les r\u00eaves et les souhaits peuvent devenir r\u00e9alit\u00e9&#8230;    <\/p>\n\n<p class=\"wp-block-paragraph\"><em><strong>Client ayant un probl\u00e8me de jeu<\/strong><\/em><\/p>\n\n<div style=\"height:53px\" aria-hidden=\"true\" class=\"wp-block-spacer\"><\/div>\n\n<h2 class=\"wp-block-heading\">Programme de promotion de la sant\u00e9<\/h2>\n\n<p class=\"wp-block-paragraph\">Je suis une femme de 70 ans qui a d\u00e9m\u00e9nag\u00e9 \u00e0 Ottawa il y a deux ans apr\u00e8s avoir travaill\u00e9 toute ma vie dans le monde des affaires en tant qu&rsquo;assistante administrative de direction. J&rsquo;ai toujours \u00e9t\u00e9 une personne douce et gentille qui n&rsquo;avait pas la force intestinale de se d\u00e9fendre correctement et qui est donc devenue un paillasson pour beaucoup de gens. Parmi ces personnes, il y avait un p\u00e8re et une m\u00e8re dominateurs, puis un mari autoritaire.    <\/p>\n\n<div style=\"height:34px\" aria-hidden=\"true\" class=\"wp-block-spacer\"><\/div>\n\n<p class=\"wp-block-paragraph\">Apr\u00e8s 20 ans de mariage et 4 enfants, j&rsquo;ai ressenti le besoin de me retrouver. J&rsquo;ai emm\u00e9nag\u00e9 avec mon fils pour reprendre le contr\u00f4le de mes finances et retrouver la sant\u00e9 - perdre du poids et arr\u00eater les antid\u00e9presseurs. Je n&rsquo;avais pas les moyens de payer un psychiatre et je me suis donc inscrite aux ateliers. Apr\u00e8s le programme d&rsquo;affirmation de soi, je me suis inscrite au programme Anger Solutions. J&rsquo;ai trouv\u00e9 ce cours tr\u00e8s efficace, non seulement en raison des r\u00e9sultats que j&rsquo;ai obtenus, mais aussi parce que j&rsquo;ai vu d&rsquo;autres femmes, dont certaines \u00e9taient tr\u00e8s en col\u00e8re.   <\/p>\n\n<div style=\"height:34px\" aria-hidden=\"true\" class=\"wp-block-spacer\"><\/div>\n\n<p class=\"wp-block-paragraph\">  J&rsquo;ai constat\u00e9 un changement dans leur attitude \u00e0 l&rsquo;\u00e9gard du monde ext\u00e9rieur, leurs r\u00e9cits sur leur incapacit\u00e9 \u00e0 contr\u00f4ler leur col\u00e8re lorsqu&rsquo;ils \u00e9taient confront\u00e9s \u00e0 de petits \u00e9v\u00e9nements banals de la journ\u00e9e. Les exercices individuels \u00e9taient parfois difficiles \u00e0 observer, mais \u00f4 combien efficaces. Je me suis maintenant inscrite aux sessions sur le stress et le bien-\u00eatre des femmes.  <\/p>\n\n<p class=\"wp-block-paragraph\">Beaucoup de femmes comme moi, qui arrivent \u00e0 un certain \u00e2ge et qui ont \u00e9t\u00e9 abandonn\u00e9es toute leur vie, peuvent trouver un encouragement et une paix dans ces cours. \u00c0 ce stade, la plupart des femmes se trouvent dans une situation financi\u00e8re difficile et n&rsquo;ont nulle part o\u00f9 aller. Amethyst offre cet espace comme une ressource pr\u00e9cieuse pour les femmes, jeunes et moins jeunes, afin qu&rsquo;elles puissent r\u00e9v\u00e9ler en toute s\u00e9curit\u00e9 leurs sentiments les plus profonds sans \u00eatre jug\u00e9es ou moqu\u00e9es.  <\/p>\n\n<p class=\"wp-block-paragraph\"><em><strong>Client de la promotion de la sant\u00e9<\/strong><\/em><\/p>\n","protected":false},"excerpt":{"rendered":"<p>Programme de soutien pour la consommation de substances Le Centre Amethyst d&rsquo;Ottawa est un endroit chaleureux et accueillant. J&rsquo;ai vraiment appr\u00e9ci\u00e9 le temps que j&rsquo;ai pass\u00e9 au centre parce que je n&rsquo;ai pas eu l&rsquo;impression d&rsquo;\u00eatre dans un milieu clinique. J&rsquo;ai beaucoup aim\u00e9 le respect qu&rsquo;ils ont pour toutes les personnes qui viennent y chercher [&hellip;]<\/p>\n","protected":false},"author":262203834,"featured_media":0,"parent":501,"menu_order":0,"comment_status":"closed","ping_status":"closed","template":"","meta":{"_crdt_document":"","advanced_seo_description":"","jetpack_seo_html_title":"","jetpack_seo_noindex":false,"jetpack_post_was_ever_published":true,"footnotes":""},"class_list":["post-516","page","type-page","status-publish","hentry"],"jetpack_likes_enabled":true,"jetpack_sharing_enabled":true,"jetpack_shortlink":"https:\/\/wp.me\/Pgmqwu-8k","jetpack-related-posts":[],"_links":{"self":[{"href":"https:\/\/amethyst-ottawa.org\/fr\/wp-json\/wp\/v2\/pages\/516","targetHints":{"allow":["GET"]}}],"collection":[{"href":"https:\/\/amethyst-ottawa.org\/fr\/wp-json\/wp\/v2\/pages"}],"about":[{"href":"https:\/\/amethyst-ottawa.org\/fr\/wp-json\/wp\/v2\/types\/page"}],"author":[{"embeddable":true,"href":"https:\/\/amethyst-ottawa.org\/fr\/wp-json\/wp\/v2\/users\/262203834"}],"replies":[{"embeddable":true,"href":"https:\/\/amethyst-ottawa.org\/fr\/wp-json\/wp\/v2\/comments?post=516"}],"version-history":[{"count":4,"href":"https:\/\/amethyst-ottawa.org\/fr\/wp-json\/wp\/v2\/pages\/516\/revisions"}],"predecessor-version":[{"id":640,"href":"https:\/\/amethyst-ottawa.org\/fr\/wp-json\/wp\/v2\/pages\/516\/revisions\/640"}],"up":[{"embeddable":true,"href":"https:\/\/amethyst-ottawa.org\/fr\/wp-json\/wp\/v2\/pages\/501"}],"wp:attachment":[{"href":"https:\/\/amethyst-ottawa.org\/fr\/wp-json\/wp\/v2\/media?parent=516"}],"curies":[{"name":"wp","href":"https:\/\/api.w.org\/{rel}","templated":true}]}}