{"id":511,"date":"2025-04-01T15:07:33","date_gmt":"2025-04-01T19:07:33","guid":{"rendered":"https:\/\/amethyst-ottawa.org\/soutenez-notre-travail\/"},"modified":"2026-02-26T12:42:14","modified_gmt":"2026-02-26T17:42:14","slug":"soutenez-notre-travail","status":"publish","type":"page","link":"https:\/\/amethyst-ottawa.org\/fr\/soutenez-notre-travail\/","title":{"rendered":"Soutenez notre travail"},"content":{"rendered":"\n<p class=\"has-black-color has-text-color has-link-color wp-elements-5ae58deafd2b2d9d8bc3e84092da6cd4 wp-block-paragraph\">Le Centre Amethyst d&rsquo;Ottawa aide chaque ann\u00e9e des centaines de femmes et de personnes de sexe diff\u00e9rent. Nos services sont gratuits, mais nous d\u00e9pendons de vos dons g\u00e9n\u00e9reux pour continuer \u00e0 faire la diff\u00e9rence ! Merci de votre soutien !<br\/>Le Centre Amethyst pour femmes toxicomanes est un organisme de bienfaisance enregistr\u00e9 - <strong>No. 106707953-RR-001<\/strong>  <\/p>\n\n<p class=\"has-black-color has-text-color has-link-color wp-elements-9ac00cf961d1ea846fe5a532228b76c6 wp-block-paragraph\"><\/p>\n\n<div style=\"height:19px\" aria-hidden=\"true\" class=\"wp-block-spacer\"><\/div>\n\n<h1 class=\"wp-block-heading\">Faites un don<\/h1>\n\n<p class=\"has-black-color has-text-color has-link-color wp-elements-a606f1ef9d0ce554cc8ba5e7f34f0f5f wp-block-paragraph\">Il y a plusieurs fa\u00e7ons de faire un don \u00e0 Amethyst. Pour faire un don en ligne, vous pouvez cliquer sur le logo de Canada Helps, juste en dessous. Pour faire un don par ch\u00e8que, veuillez le libeller \u00e0 l&rsquo;ordre du Centre Amethyst d&rsquo;Ottawa et l&rsquo;envoyer \u00e0 l&rsquo;adresse ci-dessous :  <\/p>\n\n<p class=\"wp-block-paragraph\"><\/p>\n\n<p class=\"has-black-color has-text-color has-link-color wp-elements-94119fe672b78a17277916aae5023e9a wp-block-paragraph\"><strong>Centre Amethyst d&rsquo;Ottawa<\/strong><br\/>488 Wilbrod Street<br\/>Ottawa, Ontario<br\/>K1N 6M8<\/p>\n\n<p class=\"has-black-color has-text-color has-link-color wp-elements-4b03bfd9a7081977a8710bdb9817046c wp-block-paragraph\">Vous pouvez \u00e9galement faire un don en ligne via PayPal en cliquant sur le bouton ci-dessous.<\/p>\n\n<figure class=\"wp-block-image wp-duotone-unset-1\"><a href=\"https:\/\/www.canadahelps.org\/en\/dn\/31134\"><img data-recalc-dims=\"1\" decoding=\"async\" src=\"https:\/\/i0.wp.com\/www.canadahelps.org\/image\/DonateNowLink\/en\/Donate1.png?ssl=1\" alt=\"Faites un don maintenant par l'entremise de CanaDon.org !\"\/><\/a><\/figure>\n\n<p class=\"has-black-color has-text-color has-link-color wp-elements-e7cb166fadef567775a1acf4443234c3 wp-block-paragraph\"><strong>Le Centre Amethyst d&rsquo;Ottawa est un organisme de bienfaisance enregistr\u00e9 sous le num\u00e9ro 106707953-RR-001.<\/strong><br\/><strong>Nous vous remercions de votre soutien !<\/strong><\/p>\n\n<div style=\"height:21px\" aria-hidden=\"true\" class=\"wp-block-spacer\"><\/div>\n\n<h1 class=\"wp-block-heading\">Autres fa\u00e7ons de donner<\/h1>\n\n<details class=\"wp-block-details is-layout-flow wp-block-details-is-layout-flow\"><summary><strong>Devenez un donateur mensuel <\/strong>- Faites un impact significatif sur la vie de nos client.e.s en devenant un.e donateur.trice mensuel.le. <\/summary>\n<ul class=\"wp-block-list\">\n<li><strong><a href=\"https:\/\/www.canadahelps.org\/en\/charities\/106707953RR0001-amethyst-womens-addiction-centre\/\">10 $\/mois<\/a> permet d&rsquo;assurer le transport des client.e.s qui ont besoin d&rsquo;aide pour acc\u00e9der aux s\u00e9ances en personne ;<\/strong> <\/li>\n\n\n\n<li><strong><a href=\"https:\/\/www.canadahelps.org\/en\/charities\/106707953RR0001-amethyst-womens-addiction-centre\/\">25 $\/mois<\/a><\/strong> permet d&rsquo;offrir des aliments sains aux client.e.s qui font face \u00e0 l&rsquo;ins\u00e9curit\u00e9 alimentaire <\/li>\n\n\n\n<li><strong><a href=\"https:\/\/www.canadahelps.org\/en\/charities\/106707953RR0001-amethyst-womens-addiction-centre\/\">45 $\/mois<\/a><\/strong> permet d&rsquo;offrir des tablettes et d&rsquo;autres formes de soutien technologique aux client.e.s afi n qu&rsquo;iels puissent acc\u00e9der aux rendez-vous virtuels et au groupe.<\/li>\n<\/ul>\n<\/details>\n\n<details class=\"wp-block-details is-layout-flow wp-block-details-is-layout-flow\"><summary><strong>Programme de dons des employ\u00e9s <\/strong><\/summary>\n<p class=\"wp-block-paragraph\">De nombreuses entreprises ont mis en place des programmes de dons sur le lieu de travail sous la forme de d\u00e9ductions salariales (un petit don est automatiquement d\u00e9duit de chaque ch\u00e8que de paie) ou d&rsquo;un programme de dons jumel\u00e9s (l&rsquo;entreprise verse une somme \u00e9quivalente au don de l&#8217;employ\u00e9.e). Les employ\u00e9.es peuvent savoir si leur entreprise dispose d&rsquo;un programme de dedoublement des dons en s&rsquo;adressant \u00e0 leur service des ressources humaines, ou iels peuvent en cr\u00e9er un avec leur service des ressources humaines ! <\/p>\n<\/details>\n\n<details class=\"wp-block-details is-layout-flow wp-block-details-is-layout-flow\"><summary>Dons <strong>planifi\u00e9s\/dons en h\u00e9ritage -<\/strong> Laissez un h\u00e9ritage dont vous pouvez \u00eatre fier par l&rsquo;interm\u00e9diaire d&rsquo;Amethyst. Il peut s&rsquo;agir de dons d&rsquo;actions, d&rsquo;assurance-vie, de biens immobiliers, de biens personnels ou d&rsquo;esp\u00e8ces. <\/summary>\n<p class=\"wp-block-paragraph\">Voici le libell\u00e9 que nous vous sugg\u00e9rons pour un don dans votre testament : \u00a0\u00bb Je donne au Centre Amethyst d&rsquo;Ottawa, 488, rue Wilbrod, Ottawa (Ontario) K1N 6M8 la somme de _______ $ ou <strong>__%<\/strong> du reliquat de ma succession. La disposition de mon legs doit \u00eatre utilis\u00e9e par le Centre Amethyst pour femmes toxicomanes \u00e0 sa discr\u00e9tion.\u00a0\u00bb <\/p>\n<\/details>\n\n<details class=\"wp-block-details is-layout-flow wp-block-details-is-layout-flow\"><summary><strong>Dons en nature (in kind)<\/strong> <strong>-<\/strong> Contribuez \u00e0 nos programmes en faisant don de biens ou de services !<\/summary>\n<p class=\"wp-block-paragraph\">Amethyst accepte les dons d&rsquo;articles tels que des denr\u00e9es alimentaires non p\u00e9rissables pour les clients-e-s en situation d&rsquo;ins\u00e9curit\u00e9 alimentaire, des cartes-cadeaux pour les clients, des jouets \u00e0 la p\u00e9riode de No\u00ebl pour les enfants des clients, ou des objets de valeur tels que des bijoux ou des \u0153uvres d&rsquo;art qui peuvent \u00eatre vendus pour soutenir financi\u00e8rement nos programmes.<\/p>\n\n\n\n<p class=\"wp-block-paragraph\">Nous encourageons \u00e9galement le don de services tels que les coupes de cheveux, les cours de yoga, les groupes artistiques et toute autre comp\u00e9tence que vous souhaiteriez partager avec nous ! Pour apporter votre contribution, veuillez nous contacter.   <\/p>\n\n\n\n<p class=\"wp-block-paragraph\"><\/p>\n<\/details>\n\n<details class=\"wp-block-details is-layout-flow wp-block-details-is-layout-flow\"><summary><strong>Donnez votre voiture \u00e0 Amethyst<\/strong> <strong>-<\/strong> Don de voiture Canada accepte les dons de v\u00e9hicules pour les organismes.<\/summary>\n<p class=\"wp-block-paragraph\">Un remorquage gratuit est offert dans la plupart des r\u00e9gions du Canada ou vous pouvez<br\/>d\u00e9poser votre v\u00e9hicule afin de maximiser votre don. Lorsque les gens font don de leur voiture, camion, VR, bateau ou moto \u00e0 Amethyst par l&rsquo;entremise de Don d&rsquo;auto Canada, le v\u00e9hicule sera recycl\u00e9 ou vendu aux ench\u00e8res (selon son \u00e9tat, son \u00e2ge et l&rsquo;endroit o\u00f9 il se trouve). Pour faire don de votre v\u00e9hicule, visitez le site <a href=\"https:\/\/donatecar.ca\/\" data-type=\"link\" data-id=\"https:\/\/donatecar.ca\/\">Don d&rsquo;auto Canada<\/a> et indiquez Centre Amethyst d&rsquo;Ottawa comme organisme de bienfaisance de votre choix.  <\/p>\n\n\n\n<p class=\"wp-block-paragraph\"><\/p>\n<\/details>\n\n<details class=\"wp-block-details is-layout-flow wp-block-details-is-layout-flow\"><summary><strong>Don en m\u00e9moire<\/strong> ou en hommage - Un don en m\u00e9moire ou en hommage est une belle fa\u00e7on de rendre hommage \u00e0 un \u00eatre cher. Cliquez pour voir comment.<\/summary>\n<div style=\"height:22px\" aria-hidden=\"true\" class=\"wp-block-spacer\"><\/div>\n\n\n\n<p class=\"wp-block-paragraph\">Pour les dons de plus de 100 $, une carte ou une carte \u00e9lectronique sera envoy\u00e9e \u00e0 la personne au nom de laquelle vous faites un don.<\/p>\n\n\n\n<p class=\"wp-block-paragraph\"><br\/>Pour les dons de plus de 200 $, faites envoyer une carte et\/ou des fleurs \u00e0 la personne au nom de laquelle vous faites un don<br\/>Veuillez <a href=\"mailto:info@amethyst-ottawa.org\">nous envoyer un courriel <\/a>indiquant votre nom, le montant du don, le nom et l&rsquo;adresse de la personne au nom de laquelle vous faites le don et la raison du don (par exemple, anniversaire, f\u00eate, comm\u00e9moration, etc.).<\/p>\n\n\n\n<div style=\"height:22px\" aria-hidden=\"true\" class=\"wp-block-spacer\"><\/div>\n<\/details>\n\n<div style=\"height:32px\" aria-hidden=\"true\" class=\"wp-block-spacer\"><\/div>\n\n<h1 class=\"wp-block-heading\">Campagnes de collecte de fonds<\/h1>\n\n<div style=\"height:13px\" aria-hidden=\"true\" class=\"wp-block-spacer\"><\/div>\n\n<p class=\"has-black-color has-text-color has-link-color wp-elements-fa4838dd4f3961c06eea5f03491ccd9a wp-block-paragraph\"><strong>46 pour 46<\/strong><\/p>\n\n<p class=\"has-black-color has-text-color has-link-color wp-elements-9c64e9cdf7f067972537553ec968e270 wp-block-paragraph\">L&rsquo;ann\u00e9e 2025 marque 46 ann\u00e9es incroyables de services d\u00e9vou\u00e9s \u00e0 notre communaut\u00e9 et, en tant qu&rsquo;organisme, nous sommes fiers de l&rsquo;h\u00e9ritage que nous avons laiss\u00e9 en offrant des services alternatifs de toxicomanie aux femmes et aux personnes de sexe diff\u00e9rent d&rsquo;Ottawa. Pour marquer cette \u00e9tape importante, nous lan\u00e7ons 46 $ pour 46 ! Cette ann\u00e9e, nous sommes \u00e0 la recherche de 100 donateurs ou donatrices pr\u00eats \u00e0 verser 46 $ dans le cadre de notre campagne de financement annuelle. Pour plus d&rsquo;informations sur nos services et le lien pour faire un don, <a href=\"https:\/\/www.canva.com\/design\/DAGo7-Eki7U\/lPsGQCOzSlPLl2yLWY5Jpw\/view?utm_content=DAGo7-Eki7U&amp;utm_campaign=designshare&amp;utm_medium=link2&amp;utm_source=uniquelinks&amp;utlId=h326dc1f914\">veuillez cliquer ici.<\/a>    <\/p>\n\n<div style=\"height:20px\" aria-hidden=\"true\" class=\"wp-block-spacer\"><\/div>\n\n<p class=\"has-black-color has-text-color has-link-color wp-elements-b868d2f7f9a516727b14c2592ae1ebd4 wp-block-paragraph\"><strong>Marche pour le r\u00e9tablissement d&rsquo;Ottawa<\/strong><\/p>\n\n<p class=\"has-black-color has-text-color has-link-color wp-elements-1c74ef191a1d6cc86039f4cc4f1c4c5d wp-block-paragraph\">Le samedi 19 juillet 2025 \u00e0 13 h au Monument canadien pour les droits de la personne, nous marcherons pour exiger la visibilit\u00e9 des femmes et des personnes non binaires vivant avec une d\u00e9pendance, ainsi qu&rsquo;un soutien et un financement ad\u00e9quats pour les services de r\u00e9tablissement \u00e0 long terme. Nous entendrons des femmes ayant une exp\u00e9rience v\u00e9cue et des organisations partenaires de la communaut\u00e9. Avant la marche, nous collectons des fonds pour maintenir la qualit\u00e9 et le continuum de nos soins. Avec votre aide, nous pourrons proposer des s\u00e9ances de conseil aux personnes qui en ont besoin, organiser des groupes de soutien pour favoriser la connexion et la gu\u00e9rison, et financer des actions de sensibilisation et de lutte contre la stigmatisation au sein de la communaut\u00e9. Vous pouvez consulter la page Zeffy que nous avons cr\u00e9\u00e9e pour la collecte de fonds en<a href=\"https:\/\/www.zeffy.com\/en-CA\/fundraising\/ottawas-walk-for-recovery\"> cliquant ici.<\/a>    <\/p>\n\n<p class=\"has-black-color has-text-color has-link-color wp-elements-9ac00cf961d1ea846fe5a532228b76c6 wp-block-paragraph\"><\/p>\n\n<details class=\"wp-block-details is-layout-flow wp-block-details-is-layout-flow\"><summary>Vous souhaitez organiser une campagne de collecte de fonds pour Amethyst ? Envoyez-nous un courriel !  <br>Cliquez pour voir quelques campagnes de collecte de fonds pass\u00e9es que des entreprises locales d&rsquo;Ottawa ont rendues possibles.<\/summary>\n<div style=\"height:38px\" aria-hidden=\"true\" class=\"wp-block-spacer\"><\/div>\n\n\n\n<p class=\"has-black-color has-text-color has-link-color wp-elements-a3521fffef3c069a1ee628f56eba92ae wp-block-paragraph\"><strong>Tatouage flash de la Saint-Valentin  <\/strong><\/p>\n\n\n\n<p class=\"has-black-color has-text-color has-link-color wp-elements-91eda9ca71d761f1cc5dd6d90a43bd3d wp-block-paragraph\">Ottawa Ink (928, chemin Montr\u00e9al) et Vandal Tattoo (316, rue Somerset Est) font \u00e9quipe avec Amethyst pour la Saint-Valentin ! Le 14 f\u00e9vrier, les deux boutiques proposeront des tatouages flash sur le th\u00e8me des principes f\u00e9ministes d&rsquo;attention, d&rsquo;amour, d&rsquo;autonomie et de respect. Une partie des recettes sera revers\u00e9e au Centre Amethyst d&rsquo;Ottawa. Faites-vous plaisir ! Merci beaucoup Ottawa Ink - Tattoo Shop et Vandal Tattoo.<\/p>\n\n\n\n<div style=\"height:38px\" aria-hidden=\"true\" class=\"wp-block-spacer\"><\/div>\n\n\n\n<p class=\"has-black-color has-text-color has-link-color wp-elements-1157bbdeed6e09662be431eb51b96e60 wp-block-paragraph\"><strong>Des mocktails pour une cause<\/strong><br\/>Merci aux bars locaux d\u2019Ottawa qui ont ajout\u00e9 une boisson sans alcool \u00e0 leur menu et dont les profits sont vers\u00e9s \u00e0 nos programmes.<\/p>\n\n\n\n<p class=\"has-black-color has-text-color has-link-color wp-elements-71108e7a036eb45419f3d2fa3ee01d45 wp-block-paragraph\">Visitez Charlotte, Union613 ou Live on Elgin et essayez leurs mocktails pour Amethyst !<\/p>\n\n\n\n<div style=\"height:38px\" aria-hidden=\"true\" class=\"wp-block-spacer\"><\/div>\n\n\n\n<p class=\"has-black-color has-text-color has-link-color wp-elements-d92b020f4e3c49aa01f3d2986a17a4ff wp-block-paragraph\"><strong>Doublez l&rsquo;amour<\/strong> <strong>avec Adult Fun Superstore<\/strong><br\/>Adult Fun Superstore et Amethyst soutiennent la diversit\u00e9, l&rsquo;inclusion et l&rsquo;autonomisation sexuelle. Pour les mois de septembre 2024 et de mai 2025, Adult Fun Superstore versera \u00e0 Amethyst jusqu&rsquo;\u00e0 1 000 dollars de dons faits par ses clients en magasin ! <\/p>\n\n\n\n<div style=\"height:38px\" aria-hidden=\"true\" class=\"wp-block-spacer\"><\/div>\n\n\n\n<p class=\"has-black-color has-text-color has-link-color wp-elements-4edbd8aadc4effe06a9c02f83c83f1f3 wp-block-paragraph\"><strong>Coffee for Change<\/strong><br\/>Le 14 septembre, plusieurs caf\u00e9s d&rsquo;Ottawa feront don \u00e0 Amethyst de 45 cents pour chaque boisson vendue, en l&rsquo;honneur de notre 45e anniversaire !<\/p>\n\n\n\n<p class=\"has-black-color has-text-color has-link-color wp-elements-92276d9b39629a361ebc56c060e2e66d wp-block-paragraph\">Visitez les endroits suivants et achetez une boisson pour contribuer au changement :<\/p>\n\n\n\n<p class=\"has-black-color has-text-color has-link-color wp-elements-08db44930895bc1e7b503a322b7161a2 wp-block-paragraph\">Happy Goat (35 Laurel St., 326 Elgin St., 1124 Bank St.)<\/p>\n\n\n\n<p class=\"has-black-color has-text-color has-link-color wp-elements-f52526119f926f4034f1edee5d7cc486 wp-block-paragraph\">Cafe by Dhruvees (18 Beechwood Ave.)<\/p>\n\n\n\n<p class=\"has-black-color has-text-color has-link-color wp-elements-2c95957ce674255806d863e680e20c3e wp-block-paragraph\">Good Eats Cafe (207 Bell St. N)<\/p>\n<\/details>\n\n<div style=\"height:89px\" aria-hidden=\"true\" class=\"wp-block-spacer\"><\/div>\n\n<div style=\"height:22px\" aria-hidden=\"true\" class=\"wp-block-spacer\"><\/div>\n\n<div style=\"height:38px\" aria-hidden=\"true\" class=\"wp-block-spacer\"><\/div>\n\n<p class=\"has-black-color has-text-color has-link-color wp-elements-9ac00cf961d1ea846fe5a532228b76c6 wp-block-paragraph\"><\/p>\n\n<div style=\"height:38px\" aria-hidden=\"true\" class=\"wp-block-spacer\"><\/div>\n\n<div style=\"height:38px\" aria-hidden=\"true\" class=\"wp-block-spacer\"><\/div>\n","protected":false},"excerpt":{"rendered":"<p>Le Centre Amethyst d&rsquo;Ottawa aide chaque ann\u00e9e des centaines de femmes et de personnes de sexe diff\u00e9rent. Nos services sont gratuits, mais nous d\u00e9pendons de vos dons g\u00e9n\u00e9reux pour continuer \u00e0 faire la diff\u00e9rence ! Merci de votre soutien !Le Centre Amethyst pour femmes toxicomanes est un organisme de bienfaisance enregistr\u00e9 - No. 106707953-RR-001 Faites [&hellip;]<\/p>\n","protected":false},"author":262203834,"featured_media":0,"parent":0,"menu_order":0,"comment_status":"closed","ping_status":"closed","template":"","meta":{"_crdt_document":"","advanced_seo_description":"","jetpack_seo_html_title":"","jetpack_seo_noindex":false,"footnotes":""},"class_list":["post-511","page","type-page","status-publish","hentry"],"jetpack_likes_enabled":true,"jetpack_sharing_enabled":true,"jetpack_shortlink":"https:\/\/wp.me\/Pgmqwu-8f","jetpack-related-posts":[],"_links":{"self":[{"href":"https:\/\/amethyst-ottawa.org\/fr\/wp-json\/wp\/v2\/pages\/511","targetHints":{"allow":["GET"]}}],"collection":[{"href":"https:\/\/amethyst-ottawa.org\/fr\/wp-json\/wp\/v2\/pages"}],"about":[{"href":"https:\/\/amethyst-ottawa.org\/fr\/wp-json\/wp\/v2\/types\/page"}],"author":[{"embeddable":true,"href":"https:\/\/amethyst-ottawa.org\/fr\/wp-json\/wp\/v2\/users\/262203834"}],"replies":[{"embeddable":true,"href":"https:\/\/amethyst-ottawa.org\/fr\/wp-json\/wp\/v2\/comments?post=511"}],"version-history":[{"count":13,"href":"https:\/\/amethyst-ottawa.org\/fr\/wp-json\/wp\/v2\/pages\/511\/revisions"}],"predecessor-version":[{"id":1266,"href":"https:\/\/amethyst-ottawa.org\/fr\/wp-json\/wp\/v2\/pages\/511\/revisions\/1266"}],"wp:attachment":[{"href":"https:\/\/amethyst-ottawa.org\/fr\/wp-json\/wp\/v2\/media?parent=511"}],"curies":[{"name":"wp","href":"https:\/\/api.w.org\/{rel}","templated":true}]}}