{"id":506,"date":"2025-04-01T14:37:47","date_gmt":"2025-04-01T18:37:47","guid":{"rendered":"https:\/\/amethyst-ottawa.org\/carrieres\/"},"modified":"2026-02-24T12:14:20","modified_gmt":"2026-02-24T17:14:20","slug":"carrieres","status":"publish","type":"page","link":"https:\/\/amethyst-ottawa.org\/fr\/carrieres\/","title":{"rendered":"Carri\u00e8res"},"content":{"rendered":"\n<p class=\"has-text-align-left wp-block-paragraph\"><strong>Nous croyons au pouvoir de la r\u00e9duction des m\u00e9faits, de la lutte contre l&rsquo;oppression, des soins communautaires, de la justice sociale et de la reconnaissance de l&rsquo;impact des barri\u00e8res syst\u00e9miques sur la sant\u00e9 et le bien-\u00eatre.<\/strong><\/p>\n\n<div style=\"height:2px\" aria-hidden=\"true\" class=\"wp-block-spacer\"><\/div>\n\n<p class=\"has-text-align-left wp-block-paragraph\"><em>Nous fonctionnons comme un collectif f\u00e9ministe non hi\u00e9rarchique, ce qui signifie que toutes nos d\u00e9cisions sont prises en collaboration, en engageant un dialogue critique, dans le respect et le consensus.<\/em><\/p>\n\n<div class=\"wp-block-group alignfull has-global-padding is-content-justification-center is-layout-constrained wp-container-core-group-is-layout-558faede wp-block-group-is-layout-constrained\" style=\"margin-top:0;margin-bottom:0;padding-top:var(--wp--preset--spacing--50);padding-bottom:var(--wp--preset--spacing--50)\">\n<div class=\"wp-block-group has-global-padding is-layout-constrained wp-container-core-group-is-layout-c7a286d7 wp-block-group-is-layout-constrained\">\n<h2 class=\"wp-block-heading has-text-align-left alignwide has-x-large-font-size\">Offres d&#8217;emploi<\/h2>\n\n\n\n<p class=\"has-text-align-left wp-block-paragraph\"><strong>Le Centre Amethyst d&rsquo;Ottawa recrute actuellement pour les postes suivants :  <\/strong><\/p>\n\n\n\n<p class=\"has-text-align-left wp-block-paragraph\"><strong>Th\u00e9rapeute bilingue en toxicomanie et jeu excessif. <\/strong>Consultez l&rsquo;offre d&#8217;emploi compl\u00e8te <a href=\"https:\/\/amethyst-ottawa.org\/wp-content\/uploads\/2026\/02\/Job-Posting-Amethyst-Bilingual-Substance-Use-and-Problem-Gambling-Treatment-Therapist-Position-_-3.pdf\" data-type=\"link\" data-id=\"https:\/\/amethyst-ottawa.org\/wp-content\/uploads\/2025\/08\/Job-Posting-Amethyst-Operations-Coordinator-Position-EN-FR.pdf\">ici<\/a><\/p>\n\n\n\n<p class=\"has-text-align-left wp-block-paragraph\"><\/p>\n\n\n\n<p class=\"has-text-align-left wp-block-paragraph\">If you need more information or have any questions please email us at <a href=\"mailto:hr@amethyst-ottawa.org\">hr@amethyst-ottawa.org<\/a>.<\/p>\n\n\n\n<div class=\"wp-block-buttons is-content-justification-center is-layout-flex wp-container-core-buttons-is-layout-c0bc9f7e wp-block-buttons-is-layout-flex\"><\/div>\n<\/div>\n<\/div>\n\n<div class=\"wp-block-group alignfull has-global-padding is-content-justification-center is-layout-constrained wp-container-core-group-is-layout-876c465c wp-block-group-is-layout-constrained\" style=\"margin-top:0;margin-bottom:0;padding-top:0;padding-bottom:0\">\n<figure class=\"wp-block-image aligncenter size-full has-custom-border aspect-16\/9 is-style-default wp-duotone-unset-1\" style=\"margin-top:var(--wp--preset--spacing--60);margin-bottom:var(--wp--preset--spacing--60)\"><img data-recalc-dims=\"1\" loading=\"lazy\" decoding=\"async\" width=\"2016\" height=\"1512\" src=\"https:\/\/i0.wp.com\/amethyst-ottawa.org\/wp-content\/uploads\/2025\/04\/photo-1.jpg?resize=2016%2C1512&#038;ssl=1\" alt=\"\" class=\"wp-image-355\" style=\"border-radius:12px\"\/><figcaption class=\"wp-element-caption\">Une corde \u00e0 linge fabriqu\u00e9e par notre communaut\u00e9 ici \u00e0 Amethyst dans le cadre d&rsquo;un projet artistique visant \u00e0 rendre visible la violence sexiste.  <\/figcaption><\/figure>\n\n\n\n<div class=\"wp-block-group has-global-padding is-layout-constrained wp-container-core-group-is-layout-c7a286d7 wp-block-group-is-layout-constrained\">\n<h3 class=\"wp-block-heading has-text-align-left alignwide has-x-large-font-size\">B\u00e9n\u00e9vole au sein de notre conseil d&rsquo;administration  <\/h3>\n\n\n\n<p class=\"has-text-align-left wp-block-paragraph\"><strong>[Veuillez noter que nous sommes actuellement \u00e0 la recherche de nouvelles personnes pour si\u00e9ger \u00e0 notre conseil d&rsquo;administration, ayant de l&rsquo;exp\u00e9rience en finances.] <\/strong><\/p>\n\n\n\n<p class=\"has-text-align-left wp-block-paragraph\">Notre conseil d&rsquo;administration est un groupe dynamique et incroyable de femmes et de b\u00e9n\u00e9voles issus de la diversit\u00e9 des genres qui soutiennent l&rsquo;organisation \u00e0 divers titres. L&rsquo;engagement en termes de temps peut varier en fonction du travail en comit\u00e9, mais les candidats doivent \u00eatre en mesure de s&rsquo;engager 2 \u00e0 3 heures par semaine. <\/p>\n\n\n\n<div style=\"height:13px\" aria-hidden=\"true\" class=\"wp-block-spacer\"><\/div>\n\n\n\n<div class=\"wp-block-buttons is-content-justification-left is-layout-flex wp-container-core-buttons-is-layout-b080bfe2 wp-block-buttons-is-layout-flex\">\n<div class=\"wp-block-button\"><a class=\"wp-block-button__link has-text-color has-link-color has-text-align-left wp-element-button\" href=\"https:\/\/amethyst-ottawa.org\/wp-content\/uploads\/2025\/04\/Nominations-to-the-Board-posting-Spring-2024_Bilingual-1.pdf\" style=\"border-radius:45px;color:#dbc5f4\">En savoir plus<\/a><\/div>\n<\/div>\n<\/div>\n<\/div>\n\n<div class=\"wp-block-group alignfull has-global-padding is-content-justification-center is-layout-constrained wp-container-core-group-is-layout-558faede wp-block-group-is-layout-constrained\" style=\"margin-top:0;margin-bottom:0;padding-top:var(--wp--preset--spacing--50);padding-bottom:var(--wp--preset--spacing--50)\">\n<div class=\"wp-block-group has-global-padding is-layout-constrained wp-container-core-group-is-layout-c7a286d7 wp-block-group-is-layout-constrained\">\n<h2 class=\"wp-block-heading has-text-align-left alignwide has-x-large-font-size\">Placements d&rsquo;\u00e9tudiants<\/h2>\n\n\n\n<p class=\"has-text-align-left wp-block-paragraph\">En tant que petite agence, nous disposons d&rsquo;un nombre limit\u00e9 de placements d&rsquo;\u00e9tudiants afin de garantir des exp\u00e9riences de qualit\u00e9. Nous acceptons g\u00e9n\u00e9ralement les candidatures pour les stages \u00e0 temps plein de septembre \u00e0 d\u00e9cembre et de janvier \u00e0 avril. <\/p>\n\n\n\n<p class=\"has-text-align-left wp-block-paragraph\">Pour plus d&rsquo;informations sur les disponibilit\u00e9s, veuillez contacter Kailey \u00e0 l&rsquo;adresse <a href=\"mailto:kaileyb@amethyst-ottawa.org\">suivante : kaileyb@amethyst-ottawa.org<\/a><\/p>\n\n\n\n<div class=\"wp-block-buttons is-content-justification-center is-layout-flex wp-container-core-buttons-is-layout-c0bc9f7e wp-block-buttons-is-layout-flex\"><\/div>\n<\/div>\n<\/div>\n","protected":false},"excerpt":{"rendered":"<p>Nous croyons au pouvoir de la r\u00e9duction des m\u00e9faits, de la lutte contre l&rsquo;oppression, des soins communautaires, de la justice sociale et de la reconnaissance de l&rsquo;impact des barri\u00e8res syst\u00e9miques sur la sant\u00e9 et le bien-\u00eatre. Nous fonctionnons comme un collectif f\u00e9ministe non hi\u00e9rarchique, ce qui signifie que toutes nos d\u00e9cisions sont prises en collaboration, [&hellip;]<\/p>\n","protected":false},"author":262203834,"featured_media":0,"parent":0,"menu_order":0,"comment_status":"closed","ping_status":"closed","template":"","meta":{"_crdt_document":"","advanced_seo_description":"","jetpack_seo_html_title":"","jetpack_seo_noindex":false,"footnotes":""},"class_list":["post-506","page","type-page","status-publish","hentry"],"jetpack_likes_enabled":true,"jetpack_sharing_enabled":true,"jetpack_shortlink":"https:\/\/wp.me\/Pgmqwu-8a","jetpack-related-posts":[],"_links":{"self":[{"href":"https:\/\/amethyst-ottawa.org\/fr\/wp-json\/wp\/v2\/pages\/506","targetHints":{"allow":["GET"]}}],"collection":[{"href":"https:\/\/amethyst-ottawa.org\/fr\/wp-json\/wp\/v2\/pages"}],"about":[{"href":"https:\/\/amethyst-ottawa.org\/fr\/wp-json\/wp\/v2\/types\/page"}],"author":[{"embeddable":true,"href":"https:\/\/amethyst-ottawa.org\/fr\/wp-json\/wp\/v2\/users\/262203834"}],"replies":[{"embeddable":true,"href":"https:\/\/amethyst-ottawa.org\/fr\/wp-json\/wp\/v2\/comments?post=506"}],"version-history":[{"count":15,"href":"https:\/\/amethyst-ottawa.org\/fr\/wp-json\/wp\/v2\/pages\/506\/revisions"}],"predecessor-version":[{"id":1254,"href":"https:\/\/amethyst-ottawa.org\/fr\/wp-json\/wp\/v2\/pages\/506\/revisions\/1254"}],"wp:attachment":[{"href":"https:\/\/amethyst-ottawa.org\/fr\/wp-json\/wp\/v2\/media?parent=506"}],"curies":[{"name":"wp","href":"https:\/\/api.w.org\/{rel}","templated":true}]}}