{"id":503,"date":"2025-03-20T16:54:49","date_gmt":"2025-03-20T20:54:49","guid":{"rendered":"https:\/\/amethyst-ottawa.org\/a-propos-de-nous\/ce-que-nous-savons\/"},"modified":"2025-04-07T20:59:31","modified_gmt":"2025-04-08T00:59:31","slug":"ce-que-nous-savons","status":"publish","type":"page","link":"https:\/\/amethyst-ottawa.org\/fr\/a-propos-de-nous\/ce-que-nous-savons\/","title":{"rendered":"Ce que nous savons"},"content":{"rendered":"\n<figure class=\"wp-block-image aligncenter size-large has-custom-border wp-duotone-unset-1\" style=\"margin-top:var(--wp--preset--spacing--30);margin-bottom:var(--wp--preset--spacing--30)\"><img data-recalc-dims=\"1\" loading=\"lazy\" decoding=\"async\" width=\"1440\" height=\"1283\" src=\"https:\/\/i0.wp.com\/amethyst-ottawa.org\/wp-content\/uploads\/2025\/03\/beads-tree-christine.jpg?resize=1440%2C1283&#038;ssl=1\" alt=\"\" class=\"wp-image-217\" style=\"border-radius:33px\"\/><figcaption class=\"wp-element-caption\">Un bol de perles utilis\u00e9 pour l&rsquo;un de nos ateliers d&rsquo;art-th\u00e9rapie<\/figcaption><\/figure>\n\n<h2 class=\"wp-block-heading has-black-color has-text-color has-link-color wp-elements-9d4e620aa4b4c3539b19be840730cc86\">Comment nous comprenons la consommation de drogues et les comportements de jeu <\/h2>\n\n<details class=\"wp-block-details has-text-color has-link-color has-x-large-font-size wp-elements-0c3a5c81e6f21abb4a0665d7bdeae2cd is-layout-flow wp-container-core-details-is-layout-242f6b88 wp-block-details-is-layout-flow\" style=\"color:#5a2d82\"><summary>Les faits<\/summary>\n<ul class=\"wp-block-list\">\n<li class=\"has-black-color has-text-color has-link-color has-medium-font-size wp-elements-702f5e037fa0be5982a97841d6a7ff04\">Les \u00e9tudes indiquent r\u00e9guli\u00e8rement que les femmes sont moins susceptibles d\u2019essayer d\u2019obtenir un traitement que les hommes.<\/li>\n\n\n\n<li class=\"has-black-color has-text-color has-link-color has-medium-font-size wp-elements-4658229de6fcb5ddcb3b4910f17add50\">Les femmes sont plus r\u00e9ticentes \u00e0 se faire soigner en raison de la stigmatisation associ\u00e9e \u00e0 leur toxicomanie ou \u00e0 leurs probl\u00e8mes de jeu.<\/li>\n\n\n\n<li class=\"has-black-color has-text-color has-link-color has-medium-font-size wp-elements-73cd3e9b45ab92db52d7351d8cb67b0d\">Les femmes qui sont enceintes ou qui ont des enfants doivent surmonter des obstacles particuliers au traitement, notamment la m\u00e9fiance envers les professionnels, la peur de cons\u00e9quences li\u00e9es \u00e0 la perte de la garde des enfants et l\u2019absence de services de garde abordables ou accessibles.<\/li>\n\n\n\n<li class=\"has-black-color has-text-color has-link-color has-medium-font-size wp-elements-c9060ff3d2aa1a7e75af9fd76fcd7f38\">Les femmes enceintes et les m\u00e8res de famille font souvent l&rsquo;objet de jugements plus s\u00e9v\u00e8res et de r\u00e9actions moins sympathiques que les hommes parents.<\/li>\n\n\n\n<li class=\"has-black-color has-text-color has-link-color has-medium-font-size wp-elements-1797e18ababaa80d467a993e9ad8faaf\">D&rsquo;autres obstacles au traitement pour les femmes sont les responsabilit\u00e9s familiales, le manque de moyens de transport, les horaires peu pratiques ou la flexibilit\u00e9 des programmes.<\/li>\n\n\n\n<li class=\"has-black-color has-text-color has-link-color has-medium-font-size wp-elements-be4bbd01722e8595c62e0acf888dd9b4\">Une diff\u00e9rence importante entre les hommes et les femmes est la fa\u00e7on dont ils comprennent les raisons qui les poussent \u00e0 consommer des drogues, de l&rsquo;alcool ou des jeux d&rsquo;argent. Les femmes et les jeunes filles d\u00e9clarent g\u00e9n\u00e9ralement consommer des drogues, de l&rsquo;alcool et des jeux d&rsquo;argent pour faire face \u00e0 leurs probl\u00e8mes, am\u00e9liorer leur confiance en elles et soulager l&rsquo;anxi\u00e9t\u00e9 et d&rsquo;autres troubles de l&rsquo;humeur. Les approches th\u00e9rapeutiques doivent donc tenir compte des besoins sp\u00e9cifiques des femmes et des hommes.  <\/li>\n\n\n\n<li class=\"has-black-color has-text-color has-link-color has-medium-font-size wp-elements-4c955982dfc1f85c1669bf6ad3520370\">Environ 67 % des femmes ayant des probl\u00e8mes de toxicomanie souffrent \u00e9galement de troubles mentaux concomitants, tels que l&rsquo;anxi\u00e9t\u00e9, la d\u00e9pression, les phobies et les troubles paniques.<\/li>\n\n\n\n<li class=\"has-black-color has-text-color has-link-color has-medium-font-size wp-elements-c1c0ae47b9f4e66f7f0f4648957f2982\">Des \u00e9tudes montrent qu&rsquo;un grand nombre de femmes souffrant d&rsquo;abus de substances ou de probl\u00e8mes de jeu ont subi des violences physiques, \u00e9motionnelles et\/ou sexuelles.<\/li>\n\n\n\n<li class=\"has-black-color has-text-color has-link-color has-medium-font-size wp-elements-4f9f88114c8ae3beb0e24da2441af302\">On estime qu&rsquo;environ une femme sur trois a subi des violences \u00e0 un moment ou \u00e0 un autre de sa vie.<\/li>\n\n\n\n<li class=\"has-black-color has-text-color has-link-color has-medium-font-size wp-elements-4f092161a826b1e919a6d89952c77265\">L&rsquo;abus d&rsquo;alcool serait 15 fois plus fr\u00e9quent chez les femmes ayant subi des violences de la part de leur partenaire que dans la population g\u00e9n\u00e9rale.<\/li>\n\n\n\n<li class=\"has-black-color has-text-color has-link-color has-medium-font-size wp-elements-ca7a4e1114118d92898592be0b63138e\">Le taux d&rsquo;abus sexuels dans l&rsquo;enfance est significativement plus \u00e9lev\u00e9 chez les femmes ayant des probl\u00e8mes d&rsquo;abus de substances que dans la population g\u00e9n\u00e9rale. Les recherches montrent que les traumatismes subis pendant l&rsquo;enfance augmentent consid\u00e9rablement le risque de syndrome de stress post-traumatique et de toxicomanie. <\/li>\n\n\n\n<li class=\"has-black-color has-text-color has-link-color has-medium-font-size wp-elements-008e8497f5185d826068338147076881\">Les femmes qui ont \u00e9t\u00e9 victimes d&rsquo;abus sexuels sont presque quatre fois plus susceptibles de consommer des m\u00e9dicaments psychoactifs.<\/li>\n\n\n\n<li class=\"has-black-color has-text-color has-link-color has-medium-font-size wp-elements-195a0c84e72f94a0114843c664a96373\">Les femmes rapportent des taux de consommation plus \u00e9lev\u00e9s dans toutes les cat\u00e9gories de m\u00e9dicaments sur ordonnance, les m\u00e9dicaments les plus courants \u00e9tant les somnif\u00e8res, les antid\u00e9presseurs, les analg\u00e9siques et les tranquillisants.<\/li>\n\n\n\n<li class=\"has-black-color has-text-color has-link-color has-medium-font-size wp-elements-17ab5f4ce2b675bb6b4eaa9b3fcb8f81\">L&rsquo;alcool est la substance la plus couramment consomm\u00e9e par les femmes et le nombre de femmes qui abusent de l&rsquo;alcool n&rsquo;a cess\u00e9 d&rsquo;augmenter au cours des dix derni\u00e8res ann\u00e9es.<\/li>\n\n\n\n<li class=\"has-black-color has-text-color has-link-color has-medium-font-size wp-elements-f6a19a83581df8b78fcefcb58da78f34\">Environ un quart des toxicomanes par voie intraveineuse sont des femmes.<\/li>\n\n\n\n<li class=\"has-black-color has-text-color has-link-color has-medium-font-size wp-elements-1471c281c870937ba5fe0d870bcd398e\">Les femmes qui consomment des drogues par voie intraveineuse ont un taux de mortalit\u00e9 plus \u00e9lev\u00e9 et sont plus vuln\u00e9rables au VIH.<\/li>\n<\/ul>\n<\/details>\n\n<details class=\"wp-block-details has-text-color has-link-color has-x-large-font-size wp-elements-50dda0e4eb6fe3a5f64bc0bbd4e6def1 is-layout-flow wp-container-core-details-is-layout-242f6b88 wp-block-details-is-layout-flow\" style=\"color:#5a2d82\"><summary>Consommation de substances<\/summary>\n<p class=\"has-text-align-justify has-black-color has-text-color has-link-color has-large-font-size wp-elements-97d264ab654b4733a6567a09b580537c wp-block-paragraph\">Pour de nombreuses femmes de la communaut\u00e9, la consommation de substances n&rsquo;est pas probl\u00e9matique. Cependant, pour d&rsquo;autres, en raison d&rsquo;une vari\u00e9t\u00e9 de facteurs complexes, la consommation de substances peut entra\u00eener des dommages importants. La consommation de substances psychoactives ne peut pas \u00eatre comprise uniquement en termes de consommation ; de nombreux facteurs contribuent \u00e0 ce que les femmes d\u00e9veloppent des d\u00e9pendances.    <\/p>\n\n\n\n<p class=\"has-text-align-justify has-black-color has-text-color has-link-color has-large-font-size wp-elements-6affee34e30f35eacedab02243b3c58f wp-block-paragraph\">Par exemple, la majorit\u00e9 des femmes qui ont recours \u00e0 nos services ont subi des violences dans leur enfance et\/ou \u00e0 l&rsquo;\u00e2ge adulte. Les recherches d\u00e9montrent constamment la forte corr\u00e9lation entre la toxicomanie, la violence et les probl\u00e8mes de sant\u00e9 mentale. En outre, les ant\u00e9c\u00e9dents familiaux de toxicomanie et les dynamiques familiales malsaines peuvent \u00e9galement jouer un r\u00f4le dans la toxicomanie des femmes.    <\/p>\n\n\n\n<p class=\"has-text-align-justify has-black-color has-text-color has-link-color has-large-font-size wp-elements-524cac7fe1fb7bfb954f2e8da4bcd8ae wp-block-paragraph\">Par cons\u00e9quent, Amethyst part du principe que nous ne pouvons pas \u00ab\u00a0traiter\u00a0\u00bb la d\u00e9pendance d&rsquo;une femme de mani\u00e8re isol\u00e9e ; nous devons comprendre le contexte dans lequel elle a d\u00e9velopp\u00e9 sa relation \u00e0 la toxicomanie. Les femmes qui font appel \u00e0 nos services bilingues viennent d&rsquo;horizons divers en termes de culture, d&rsquo;orientation sexuelle, d&rsquo;identit\u00e9 de genre, de statut socio-\u00e9conomique, d&rsquo;\u00e2ge et de capacit\u00e9s. Bien que de nombreuses personnes aient tendance \u00e0 consid\u00e9rer les \u00ab\u00a0toxicomanes\u00a0\u00bb de mani\u00e8re tr\u00e8s st\u00e9r\u00e9otyp\u00e9e, il est essentiel de reconna\u00eetre que la toxicomanie n&rsquo;est pas un ph\u00e9nom\u00e8ne discriminatoire ; elle peut toucher n&rsquo;importe qui.    <\/p>\n\n\n\n<p class=\"has-text-align-justify has-black-color has-text-color has-link-color has-large-font-size wp-elements-713071b526438169bddd732d2acb5970 wp-block-paragraph\">En raison de l&rsquo;acc\u00e8s in\u00e9gal des femmes au pouvoir dans notre soci\u00e9t\u00e9, ainsi que des identit\u00e9s multiples et crois\u00e9es qui les marginalisent \u00e9galement, les femmes subissent souvent des jugements plus s\u00e9v\u00e8res et des cons\u00e9quences plus lourdes en raison de leur consommation. L&rsquo;instabilit\u00e9 des finances, du logement et de l&#8217;emploi, ainsi que le manque d&rsquo;acc\u00e8s \u00e0 des services de garde d&rsquo;enfants et de transport abordables sont autant de facteurs qui influencent l&rsquo;exp\u00e9rience des femmes en mati\u00e8re de consommation\/abus de substances psychoactives et de r\u00e9tablissement.   <\/p>\n\n\n\n<p class=\"has-text-align-justify has-black-color has-text-color has-link-color has-large-font-size wp-elements-c3a057afe207e057ac144940ed451580 wp-block-paragraph\">Si les femmes consomment de nombreuses substances, l&rsquo;alcool est la substance probl\u00e9matique la plus fr\u00e9quemment signal\u00e9e par nos clientes.  <\/p>\n\n\n\n<p class=\"has-text-align-justify has-black-color has-text-color has-link-color has-large-font-size wp-elements-c673f98601c7ea8fdfd87acd6573bda4 wp-block-paragraph\">Les autres substances que les femmes d\u00e9clarent probl\u00e9matiques sont les cigarettes, la marijuana, le crack, les m\u00e9dicaments sur ordonnance, y compris les analg\u00e9siques et les tranquillisants, la coca\u00efne, l&rsquo;h\u00e9ro\u00efne et d&rsquo;autres opiac\u00e9s, ainsi que les \u00ab\u00a0drogues de club\u00a0\u00bb comme l&rsquo;ecstasy.  <\/p>\n\n\n\n<p class=\"has-text-align-justify has-black-color has-text-color has-link-color has-large-font-size wp-elements-627249a2a5b8212811f7da56e8df33a3 wp-block-paragraph\">Pour plus d&rsquo;informations sur les femmes et la toxicomanie, ou pour discuter de la possibilit\u00e9 d&rsquo;organiser des ateliers professionnels, veuillez contacter <a href=\"mailto:info@amethyst-ottawa.org\">info@amethyst-ottawa.org<\/a>.<\/p>\n<\/details>\n\n<details class=\"wp-block-details has-text-color has-link-color has-x-large-font-size wp-elements-4565fe2765b8610ba1eb93fdfb4d924f is-layout-flow wp-container-core-details-is-layout-242f6b88 wp-block-details-is-layout-flow\" style=\"color:#5a2d82\"><summary>Jeux de hasard<\/summary>\n<p class=\"has-text-align-justify has-black-color has-text-color has-link-color has-large-font-size wp-elements-452f01fc00df2bd282dc972f0f626ad1 wp-block-paragraph\">Bien que de nombreuses personnes jouent sans cons\u00e9quence, pour un petit pourcentage de la population, des pr\u00e9judices apparaissent \u00e0 la suite de l&rsquo;adoption de comportements de jeu. Rien qu&rsquo;\u00e0 Ottawa, on estime qu&rsquo;environ 9 000 femmes subissent des pr\u00e9judices graves en raison de leurs habitudes de jeu. Les femmes qui d\u00e9veloppent des probl\u00e8mes de jeu sont issues de milieux diff\u00e9rents en termes de culture, d&rsquo;orientation sexuelle, d&rsquo;identit\u00e9 de genre, de statut socio-\u00e9conomique, d&rsquo;\u00e2ge, de capacit\u00e9 et de statut relationnel.    <\/p>\n\n\n\n<p class=\"has-text-align-justify has-black-color has-text-color has-link-color has-large-font-size wp-elements-bbc209f8d954e2ab864c2f120e47373e wp-block-paragraph\">En tant que communaut\u00e9, Ottawa offre plusieurs possibilit\u00e9s de jeu et l&rsquo;acc\u00e8s \u00e0 cette activit\u00e9 doit \u00eatre consid\u00e9r\u00e9 comme un facteur de risque, parmi d&rsquo;autres, de d\u00e9velopper des probl\u00e8mes. Outre les occasions occasionnelles et informelles, l&rsquo;Ontario offre \u00e9galement un certain nombre d&rsquo;endroits plus explicites o\u00f9 les gens peuvent jouer \u00e0 la loterie, au bingo, aux machines \u00e0 sous des casinos et aux jeux de cartes. Outre les machines \u00e0 sous de Rideau Carleton, les gens ont \u00e9galement acc\u00e8s aux casinos de Gatineau, Montr\u00e9al, Gananoque et Akwesane.  <\/p>\n\n\n\n<p class=\"has-text-align-justify has-black-color has-text-color has-link-color has-large-font-size wp-elements-45dfed0def2bbed3aa80fff003894782 wp-block-paragraph\">Divers autres facteurs de risque contribuent \u00e0 l&rsquo;apparition de probl\u00e8mes de jeu chez les femmes. Par exemple, des ant\u00e9c\u00e9dents familiaux de toxicomanie ou des exp\u00e9riences pass\u00e9es de consommation de substances psychoactives peuvent exposer les femmes \u00e0 un risque plus \u00e9lev\u00e9 de d\u00e9velopper des probl\u00e8mes de jeu. Comme pour les femmes qui consomment des substances, il existe une forte corr\u00e9lation entre les exp\u00e9riences de violence dans l&rsquo;enfance et\/ou \u00e0 l&rsquo;\u00e2ge adulte et le d\u00e9veloppement d&rsquo;un probl\u00e8me de jeu. En outre, il existe \u00e9galement un lien \u00e9troit entre le jeu probl\u00e9matique, la violence et les probl\u00e8mes de sant\u00e9 mentale. Amethyst part donc du principe qu&rsquo;on ne peut pas \u00ab\u00a0traiter\u00a0\u00bb le probl\u00e8me de jeu d&rsquo;une femme de mani\u00e8re isol\u00e9e ; il faut comprendre le contexte dans lequel elle a d\u00e9velopp\u00e9 sa relation au jeu. En raison de l&rsquo;acc\u00e8s in\u00e9gal des femmes au pouvoir dans notre soci\u00e9t\u00e9, ainsi que des identit\u00e9s multiples et crois\u00e9es qui les marginalisent \u00e9galement, les femmes subissent souvent des jugements et des cons\u00e9quences plus s\u00e9v\u00e8res en raison de leur probl\u00e8me de jeu.     <\/p>\n\n\n\n<p class=\"has-text-align-justify has-black-color has-text-color has-link-color has-large-font-size wp-elements-49042b0cd4b8ad70776df2a429640028 wp-block-paragraph\">Bien que les femmes s&rsquo;adonnent \u00e0 de nombreuses formes de jeu, les formes de jeu les plus probl\u00e9matiques parmi les femmes de notre communaut\u00e9 sont les machines \u00e0 sous, la loterie et le bingo.<\/p>\n\n\n\n<p class=\"has-text-align-justify has-black-color has-text-color has-link-color has-large-font-size wp-elements-4ddb5503f8d3e570381d13b025196385 wp-block-paragraph\">Pour plus d&rsquo;informations sur les femmes et le jeu excessif, ou pour discuter de la possibilit\u00e9 d&rsquo;organiser des ateliers professionnels, veuillez contacter <a href=\"mailto:gundell@amethyst-ottawa.org\">gundell@amethyst-ottawa.org<\/a>.<\/p>\n\n\n\n<p class=\"has-text-align-justify has-black-color has-text-color has-link-color has-large-font-size wp-elements-8378eb816eb437d6d2c775fee1a7d6b5 wp-block-paragraph\"><\/p>\n<\/details>\n\n<details class=\"wp-block-details has-text-color has-link-color has-x-large-font-size wp-elements-5e462eaea5ea7cdcf7ccfd0a07a76f86 is-layout-flow wp-container-core-details-is-layout-242f6b88 wp-block-details-is-layout-flow\" style=\"color:#5a2d82\"><summary>Addiction et violence<\/summary>\n<p class=\"has-text-align-justify has-black-color has-text-color has-link-color has-large-font-size wp-elements-71ffd95f2e57459b7cfa7c392cab2e2b wp-block-paragraph\">Au Centre Amethyst d&rsquo;Ottawa, il est important pour nous de faire le lien entre les exp\u00e9riences de violence des femmes et leur d\u00e9pendance aux drogues, \u00e0 l&rsquo;alcool ou au jeu. Malheureusement, nous savons que la violence est une r\u00e9alit\u00e9 dans la vie de nombreuses femmes de notre communaut\u00e9. Par exemple, selon une \u00e9tude nationale de Statistique Canada sur la violence \u00e0 l&rsquo;\u00e9gard des femmes, 51 % des femmes au Canada ont subi au moins un acte de violence physique ou sexuelle depuis l&rsquo;\u00e2ge de 16 ans.1 La violence peut survenir \u00e0 n&rsquo;importe quel moment de la vie des femmes, de la maltraitance dans l&rsquo;enfance \u00e0 la maltraitance des personnes \u00e2g\u00e9es, et dans de nombreux contextes et relations diff\u00e9rents, que ce soit de la part de parents, de partenaires, de connaissances ou d&rsquo;inconnus. La violence existe \u00e9galement sous diff\u00e9rentes formes, telles que la violence \u00e9motionnelle ou psychologique, la violence physique ou la violence sexuelle.   <\/p>\n\n\n\n<p class=\"has-text-align-justify has-black-color has-text-color has-link-color has-large-font-size wp-elements-3740015fc0cb54e4fbed9ab21027cb62 wp-block-paragraph\">Toutes les femmes victimes de violences ne consomment pas de drogues, d&rsquo;alcool ou de jeux d&rsquo;argent pour faire face \u00e0 la situation, ou ne deviennent pas d\u00e9pendantes de ces substances, et toutes les femmes qui consomment des substances ou qui jouent n&rsquo;ont pas \u00e9t\u00e9 victimes de violences. Cependant, les exp\u00e9riences de violence et les traumatismes cr\u00e9ent un risque \u00e9norme ou un potentiel pour que cela se produise. Les recherches men\u00e9es par Coalescing on Women and Substance Use, un groupe de travail bas\u00e9 en Colombie-Britannique, indiquent que 90 % des femmes qui consultent les services d&rsquo;aide aux toxicomanes ont subi des violences dans leur enfance ou \u00e0 l&rsquo;\u00e2ge adulte.2 La violence a de nombreuses r\u00e9percussions sur la vie des femmes, certaines \u00e9videntes, d&rsquo;autres plus subtiles.     <\/p>\n\n\n\n<p class=\"has-text-align-justify has-black-color has-text-color has-link-color has-large-font-size wp-elements-b02bb2511c138f913480d09756b3b646 wp-block-paragraph\">Par exemple, les femmes peuvent avoir des r\u00e9actions g\u00e9n\u00e9ralement associ\u00e9es au syndrome de stress post-traumatique, telles que des souvenirs envahissants, des flashbacks, des crises de panique ou un sentiment d&rsquo;engourdissement ou de vide. D&rsquo;autres r\u00e9actions peuvent \u00eatre davantage li\u00e9es \u00e0 la mani\u00e8re dont les traumatismes et la violence peuvent avoir un impact sur notre perception de nous-m\u00eames et notre vision du monde. Par exemple, ces exp\u00e9riences peuvent influencer le fait que les femmes consid\u00e8rent le monde comme un endroit juste ou non, ou qu&rsquo;elles consid\u00e8rent les gens comme g\u00e9n\u00e9ralement dignes de confiance ou dangereux, et aussi qu&rsquo;elles se sentent dignes ou m\u00e9ritent l&rsquo;amour ou non.    <\/p>\n\n\n\n<p class=\"has-text-align-justify has-black-color has-text-color has-link-color has-large-font-size wp-elements-8c7db5edec043afc007144fbc54d4cc2 wp-block-paragraph\">Les femmes re\u00e7oivent aussi souvent le message qu&rsquo;elles \u00ab\u00a0doivent juste s&rsquo;en remettre\u00a0\u00bb, que \u00ab\u00a0les femmes gentilles ne se mettent pas en col\u00e8re\u00a0\u00bb, ou que demander de l&rsquo;aide ou pleurer est une faiblesse. Ces messages confirment les craintes des femmes de ne pas \u00eatre \u00e0 la hauteur, minimisent les cons\u00e9quences de la violence et apprennent aux femmes \u00e0 ne pas faire confiance \u00e0 leurs propres \u00e9motions et r\u00e9actions. <\/p>\n\n\n\n<p class=\"has-text-align-justify has-black-color has-text-color has-link-color has-large-font-size wp-elements-d9c7cc8e1d8f1599dfa47ac3e8ba82e3 wp-block-paragraph\">Les femmes peuvent \u00e9galement \u00eatre confront\u00e9es \u00e0 de nombreux facteurs de stress et exigences suppl\u00e9mentaires, notamment la pauvret\u00e9, le fait d&rsquo;\u00eatre une m\u00e8re ou une m\u00e8re c\u00e9libataire, de faire face \u00e0 des probl\u00e8mes de sant\u00e9 mentale, de s&rsquo;occuper d&rsquo;autres membres de la famille, etc. Les exp\u00e9riences d&rsquo;oppression telles que le racisme, le sexisme, l&rsquo;h\u00e9t\u00e9rosexisme, la transphobie, l&rsquo;ab\u00eatissement et le classisme sont des formes suppl\u00e9mentaires de traumatisme que les femmes subissent et qui ajoutent d&rsquo;autres couches de complexit\u00e9 \u00e0 leur exp\u00e9rience. Les femmes appartenant \u00e0 des minorit\u00e9s multiples courent \u00e9galement un plus grand risque de subir des violences au cours de leur vie en raison de leur statut in\u00e9gal dans notre soci\u00e9t\u00e9.  <\/p>\n\n\n\n<p class=\"has-text-align-justify has-black-color has-text-color has-link-color has-large-font-size wp-elements-348a30ead49821420aee7c7e425eedd2 wp-block-paragraph\">Au d\u00e9but, les drogues, l&rsquo;alcool et les jeux d&rsquo;argent (entre autres choses qui peuvent cr\u00e9er une d\u00e9pendance) peuvent apporter une solution \u00e0 de nombreux probl\u00e8mes auxquels les femmes victimes de violence sont confront\u00e9es. Ils peuvent aider \u00e0 faire face \u00e0 de nombreux niveaux, par exemple : ils peuvent \u00e9touffer des sentiments accablants que les femmes ne sont peut-\u00eatre pas en mesure d&rsquo;exprimer en toute s\u00e9curit\u00e9 ou qu&rsquo;on leur a dit qu&rsquo;elles n&rsquo;avaient pas le droit de ressentir, ils peuvent permettre aux femmes de fonctionner dans des situations o\u00f9 elles ressentiraient normalement une anxi\u00e9t\u00e9 \u00e9crasante et peuvent accro\u00eetre leur sentiment de confiance, ils peuvent aider certaines femmes \u00e0 rompre l&rsquo;isolement et \u00e0 se rapprocher de leurs pairs, ils peuvent apporter un certain soulagement \u00e0 la douleur physique et ils peuvent offrir un r\u00e9pit temporaire \u00e0 une douleur \u00e9motionnelle intense. La d\u00e9pendance n&rsquo;est pas une question de faiblesse personnelle ; \u00e0 la base, c&rsquo;est une question de survie.  <\/p>\n\n\n\n<p class=\"has-text-align-justify has-black-color has-text-color has-link-color has-large-font-size wp-elements-c2f86e40b189ccbc943d923f06f2cbc4 wp-block-paragraph\">Toutefois, lorsqu&rsquo;une personne d\u00e9pend de substances ou de jeux d&rsquo;argent pour ces raisons, la solution temporaire qu&rsquo;ils offrent commence \u00e0 devenir un probl\u00e8me en soi. Les femmes peuvent en venir \u00e0 compter sur ces choses pour faire face \u00e0 d&rsquo;autres probl\u00e8mes dans leur vie, et peuvent finalement compter sur elles pour fonctionner dans la vie quotidienne. Les probl\u00e8mes de d\u00e9pendance sont fortement associ\u00e9s \u00e0 des probl\u00e8mes de sant\u00e9 physique, \u00e0 des probl\u00e8mes financiers, \u00e0 la stigmatisation sociale et \u00e0 des probl\u00e8mes dans les relations interpersonnelles, entre autres. Les femmes qui consomment des substances pour faire face \u00e0 la situation peuvent en outre \u00eatre vuln\u00e9rables \u00e0 une nouvelle victimisation. Cela peut cr\u00e9er un cercle vicieux o\u00f9 le stress, la culpabilit\u00e9, la honte, le regret et une nouvelle victimisation s&rsquo;ajoutent \u00e0 une charge \u00e9motionnelle d\u00e9j\u00e0 lourde, ce qui peut \u00e0 son tour accro\u00eetre la d\u00e9pendance d&rsquo;une femme \u00e0 l&rsquo;\u00e9gard des substances ou du jeu pour faire face \u00e0 la situation.<br\/>La philosophie du Centre Amethyst d&rsquo;Ottawa est que la toxicomanie ne peut \u00eatre examin\u00e9e de mani\u00e8re isol\u00e9e et doit \u00eatre situ\u00e9e dans le contexte de la vie des femmes. Les exp\u00e9riences de traumatisme et la fa\u00e7on dont nous faisons face \u00e0 ces exp\u00e9riences font partie du m\u00eame ensemble. \u00c0 Amethyst, les femmes sont aid\u00e9es \u00e0 gu\u00e9rir de leurs exp\u00e9riences pass\u00e9es de violence et \u00e0 trouver de nouvelles fa\u00e7ons plus saines de faire face au stress et de g\u00e9rer leur vie quotidienne.      <\/p>\n\n\n\n<p class=\"wp-block-paragraph\"><sup>1.<\/sup> Statistique Canada. (1993). L&rsquo;enqu\u00eate sur la violence \u00e0 l&rsquo;\u00e9gard des femmes. (Malheureusement, cette \u00e9tude n&rsquo;a pas \u00e9t\u00e9 r\u00e9p\u00e9t\u00e9e depuis). <\/p>\n\n\n\n<p class=\"wp-block-paragraph\"><sup>2.<\/sup> <a href=\"https:\/\/amethyst-ottawa.org\/addiction-information\/addiction-and-violence\/www.coalescing-vc.org\" target=\"_blank\" rel=\"noreferrer noopener\">www.coalescing-vc.org<\/a><\/p>\n<\/details>\n","protected":false},"excerpt":{"rendered":"<p>Comment nous comprenons la consommation de drogues et les comportements de jeu<\/p>\n","protected":false},"author":262203834,"featured_media":0,"parent":501,"menu_order":1,"comment_status":"closed","ping_status":"closed","template":"","meta":{"_crdt_document":"","advanced_seo_description":"","jetpack_seo_html_title":"","jetpack_seo_noindex":false,"footnotes":""},"class_list":["post-503","page","type-page","status-publish","hentry"],"jetpack_likes_enabled":true,"jetpack_sharing_enabled":true,"jetpack_shortlink":"https:\/\/wp.me\/Pgmqwu-87","jetpack-related-posts":[],"_links":{"self":[{"href":"https:\/\/amethyst-ottawa.org\/fr\/wp-json\/wp\/v2\/pages\/503","targetHints":{"allow":["GET"]}}],"collection":[{"href":"https:\/\/amethyst-ottawa.org\/fr\/wp-json\/wp\/v2\/pages"}],"about":[{"href":"https:\/\/amethyst-ottawa.org\/fr\/wp-json\/wp\/v2\/types\/page"}],"author":[{"embeddable":true,"href":"https:\/\/amethyst-ottawa.org\/fr\/wp-json\/wp\/v2\/users\/262203834"}],"replies":[{"embeddable":true,"href":"https:\/\/amethyst-ottawa.org\/fr\/wp-json\/wp\/v2\/comments?post=503"}],"version-history":[{"count":4,"href":"https:\/\/amethyst-ottawa.org\/fr\/wp-json\/wp\/v2\/pages\/503\/revisions"}],"predecessor-version":[{"id":539,"href":"https:\/\/amethyst-ottawa.org\/fr\/wp-json\/wp\/v2\/pages\/503\/revisions\/539"}],"up":[{"embeddable":true,"href":"https:\/\/amethyst-ottawa.org\/fr\/wp-json\/wp\/v2\/pages\/501"}],"wp:attachment":[{"href":"https:\/\/amethyst-ottawa.org\/fr\/wp-json\/wp\/v2\/media?parent=503"}],"curies":[{"name":"wp","href":"https:\/\/api.w.org\/{rel}","templated":true}]}}