{"id":501,"date":"2025-04-01T12:12:25","date_gmt":"2025-04-01T16:12:25","guid":{"rendered":"https:\/\/amethyst-ottawa.org\/a-propos-de-nous\/"},"modified":"2025-04-10T11:32:09","modified_gmt":"2025-04-10T15:32:09","slug":"a-propos-de-nous","status":"publish","type":"page","link":"https:\/\/amethyst-ottawa.org\/fr\/a-propos-de-nous\/","title":{"rendered":"A propos de nous"},"content":{"rendered":"\n<div style=\"height:41px\" aria-hidden=\"true\" class=\"wp-block-spacer\"><\/div>\n\n\n\n<h3 class=\"wp-block-heading\"><strong>La mission  <\/strong><\/h3>\n\n\n\n<p class=\"wp-block-paragraph\">Amethyst soutient les femmes et les personnes de diverses identit\u00e9s de genre en offrant une gamme de services alternatifs en mati\u00e8re de toxicomanie. Notre mission est d&rsquo;aider notre communaut\u00e9 \u00e0 prendre le contr\u00f4le des facteurs qui ont un impact sur notre sant\u00e9 et notre bien-\u00eatre dans le cadre de la gu\u00e9rison et du r\u00e9tablissement. <\/p>\n\n\n\n<div style=\"height:41px\" aria-hidden=\"true\" class=\"wp-block-spacer\"><\/div>\n\n\n\n<h3 class=\"wp-block-heading\"><strong>Philosophie<\/strong><\/h3>\n\n\n\n<p class=\"wp-block-paragraph\">Le travail d&rsquo;Amethyst est fond\u00e9 sur la conviction f\u00e9ministe que les exp\u00e9riences des femmes et des personnes de diverses identit\u00e9s de genre en mati\u00e8re de substances et de jeu ne peuvent \u00eatre s\u00e9par\u00e9es de nos exp\u00e9riences qui sont enracin\u00e9es dans l&rsquo;oppression fond\u00e9e sur le sexe ; nous reconnaissons \u00e9galement que l&rsquo;oppression fond\u00e9e sur le sexe recoupe le racisme, le capacitisme, l&rsquo;homophobie, le classisme, le cissexisme, le colonialisme et d&rsquo;autres formes d&rsquo;oppression. <\/p>\n\n\n\n<div style=\"height:23px\" aria-hidden=\"true\" class=\"wp-block-spacer\"><\/div>\n\n\n\n<p class=\"wp-block-paragraph\">Notre approche \u00e9tablit des liens directs entre l&rsquo;in\u00e9galit\u00e9 syst\u00e9mique, diverses formes de violence sexiste et la toxicomanie. En explorant ces liens, individuellement et collectivement, nous aidons les gens \u00e0 op\u00e9rer des changements qui renforcent leur force, leur libert\u00e9 et leurs choix.  <\/p>\n\n\n\n<div style=\"height:41px\" aria-hidden=\"true\" class=\"wp-block-spacer\"><\/div>\n\n\n\n<h3 class=\"wp-block-heading\"><strong>La vision  <\/strong><\/h3>\n\n\n\n<p class=\"wp-block-paragraph\">Amethyst aspire \u00e0 la s\u00e9curit\u00e9, \u00e0 l&rsquo;\u00e9quit\u00e9 et \u00e0 la justice pour notre communaut\u00e9 ; nous envisageons un avenir exempt de syst\u00e8mes oppressifs qui placent les femmes et les personnes de genre diversifi\u00e9 dans une situation de risque de d\u00e9pendance et de violence. <\/p>\n\n\n\n<div style=\"height:41px\" aria-hidden=\"true\" class=\"wp-block-spacer\"><\/div>\n\n\n\n<figure class=\"wp-block-gallery has-nested-images columns-default is-cropped wp-block-gallery-3 is-layout-flex wp-block-gallery-is-layout-flex\">\n<figure class=\"wp-block-image size-full wp-duotone-unset-1\"><img data-recalc-dims=\"1\" loading=\"lazy\" decoding=\"async\" width=\"2430\" height=\"2430\" data-attachment-id=\"485\" data-permalink=\"https:\/\/amethyst-ottawa.org\/fr\/1-2\/\" data-orig-file=\"https:\/\/i0.wp.com\/amethyst-ottawa.org\/wp-content\/uploads\/2025\/04\/1.png?fit=2430%2C2430&amp;ssl=1\" data-orig-size=\"2430,2430\" data-comments-opened=\"1\" data-image-meta=\"{&quot;aperture&quot;:&quot;0&quot;,&quot;credit&quot;:&quot;&quot;,&quot;camera&quot;:&quot;&quot;,&quot;caption&quot;:&quot;&quot;,&quot;created_timestamp&quot;:&quot;0&quot;,&quot;copyright&quot;:&quot;&quot;,&quot;focal_length&quot;:&quot;0&quot;,&quot;iso&quot;:&quot;0&quot;,&quot;shutter_speed&quot;:&quot;0&quot;,&quot;title&quot;:&quot;&quot;,&quot;orientation&quot;:&quot;0&quot;}\" data-image-title=\"1\" data-image-description=\"\" data-image-caption=\"\" data-medium-file=\"https:\/\/i0.wp.com\/amethyst-ottawa.org\/wp-content\/uploads\/2025\/04\/1.png?fit=300%2C300&amp;ssl=1\" data-large-file=\"https:\/\/i0.wp.com\/amethyst-ottawa.org\/wp-content\/uploads\/2025\/04\/1.png?fit=1024%2C1024&amp;ssl=1\" data-id=\"485\" src=\"https:\/\/i0.wp.com\/amethyst-ottawa.org\/wp-content\/uploads\/2025\/04\/1.png?resize=2430%2C2430&#038;ssl=1\" alt=\"Amethyst Centre Ottawa: Constantly adapting to change since 1979.\" class=\"wp-image-485\"\/><\/figure>\n\n\n\n<figure class=\"wp-block-image size-full wp-duotone-unset-2\"><img data-recalc-dims=\"1\" loading=\"lazy\" decoding=\"async\" width=\"2430\" height=\"2430\" data-attachment-id=\"486\" data-permalink=\"https:\/\/amethyst-ottawa.org\/fr\/2-2-2\/\" data-orig-file=\"https:\/\/i0.wp.com\/amethyst-ottawa.org\/wp-content\/uploads\/2025\/04\/2.png?fit=2430%2C2430&amp;ssl=1\" data-orig-size=\"2430,2430\" data-comments-opened=\"1\" data-image-meta=\"{&quot;aperture&quot;:&quot;0&quot;,&quot;credit&quot;:&quot;&quot;,&quot;camera&quot;:&quot;&quot;,&quot;caption&quot;:&quot;&quot;,&quot;created_timestamp&quot;:&quot;0&quot;,&quot;copyright&quot;:&quot;&quot;,&quot;focal_length&quot;:&quot;0&quot;,&quot;iso&quot;:&quot;0&quot;,&quot;shutter_speed&quot;:&quot;0&quot;,&quot;title&quot;:&quot;&quot;,&quot;orientation&quot;:&quot;0&quot;}\" data-image-title=\"2\" data-image-description=\"\" data-image-caption=\"\" data-medium-file=\"https:\/\/i0.wp.com\/amethyst-ottawa.org\/wp-content\/uploads\/2025\/04\/2.png?fit=300%2C300&amp;ssl=1\" data-large-file=\"https:\/\/i0.wp.com\/amethyst-ottawa.org\/wp-content\/uploads\/2025\/04\/2.png?fit=1024%2C1024&amp;ssl=1\" data-id=\"486\" src=\"https:\/\/i0.wp.com\/amethyst-ottawa.org\/wp-content\/uploads\/2025\/04\/2.png?resize=2430%2C2430&#038;ssl=1\" alt=\"Our team began offering online therapy at the onset of the COVID-19 pandemic.\n\nIn 2022, we returned to the Amethyst house and have kept a hybrid model since.\" class=\"wp-image-486\"\/><\/figure>\n<\/figure>\n\n\n\n<figure class=\"wp-block-gallery has-nested-images columns-default is-cropped wp-block-gallery-6 is-layout-flex wp-block-gallery-is-layout-flex\">\n<figure class=\"wp-block-image size-full wp-duotone-unset-4\"><img data-recalc-dims=\"1\" loading=\"lazy\" decoding=\"async\" width=\"2430\" height=\"2430\" data-attachment-id=\"487\" data-permalink=\"https:\/\/amethyst-ottawa.org\/fr\/3-2\/\" data-orig-file=\"https:\/\/i0.wp.com\/amethyst-ottawa.org\/wp-content\/uploads\/2025\/04\/3.png?fit=2430%2C2430&amp;ssl=1\" data-orig-size=\"2430,2430\" data-comments-opened=\"1\" data-image-meta=\"{&quot;aperture&quot;:&quot;0&quot;,&quot;credit&quot;:&quot;&quot;,&quot;camera&quot;:&quot;&quot;,&quot;caption&quot;:&quot;&quot;,&quot;created_timestamp&quot;:&quot;0&quot;,&quot;copyright&quot;:&quot;&quot;,&quot;focal_length&quot;:&quot;0&quot;,&quot;iso&quot;:&quot;0&quot;,&quot;shutter_speed&quot;:&quot;0&quot;,&quot;title&quot;:&quot;&quot;,&quot;orientation&quot;:&quot;0&quot;}\" data-image-title=\"3\" data-image-description=\"\" data-image-caption=\"\" data-medium-file=\"https:\/\/i0.wp.com\/amethyst-ottawa.org\/wp-content\/uploads\/2025\/04\/3.png?fit=300%2C300&amp;ssl=1\" data-large-file=\"https:\/\/i0.wp.com\/amethyst-ottawa.org\/wp-content\/uploads\/2025\/04\/3.png?fit=1024%2C1024&amp;ssl=1\" data-id=\"487\" src=\"https:\/\/i0.wp.com\/amethyst-ottawa.org\/wp-content\/uploads\/2025\/04\/3.png?resize=2430%2C2430&#038;ssl=1\" alt=\" Our home continues to host individual therapy, group activities, and community events.\n\nThis place is filled with laughter, commitment, and resilience.\" class=\"wp-image-487\"\/><\/figure>\n\n\n\n<figure class=\"wp-block-image size-full wp-duotone-unset-5\"><img data-recalc-dims=\"1\" loading=\"lazy\" decoding=\"async\" width=\"2430\" height=\"2430\" data-attachment-id=\"483\" data-permalink=\"https:\/\/amethyst-ottawa.org\/fr\/4-2-2\/\" data-orig-file=\"https:\/\/i0.wp.com\/amethyst-ottawa.org\/wp-content\/uploads\/2025\/04\/4.png?fit=2430%2C2430&amp;ssl=1\" data-orig-size=\"2430,2430\" data-comments-opened=\"1\" data-image-meta=\"{&quot;aperture&quot;:&quot;0&quot;,&quot;credit&quot;:&quot;&quot;,&quot;camera&quot;:&quot;&quot;,&quot;caption&quot;:&quot;&quot;,&quot;created_timestamp&quot;:&quot;0&quot;,&quot;copyright&quot;:&quot;&quot;,&quot;focal_length&quot;:&quot;0&quot;,&quot;iso&quot;:&quot;0&quot;,&quot;shutter_speed&quot;:&quot;0&quot;,&quot;title&quot;:&quot;&quot;,&quot;orientation&quot;:&quot;0&quot;}\" data-image-title=\"4\" data-image-description=\"\" data-image-caption=\"\" data-medium-file=\"https:\/\/i0.wp.com\/amethyst-ottawa.org\/wp-content\/uploads\/2025\/04\/4.png?fit=300%2C300&amp;ssl=1\" data-large-file=\"https:\/\/i0.wp.com\/amethyst-ottawa.org\/wp-content\/uploads\/2025\/04\/4.png?fit=1024%2C1024&amp;ssl=1\" data-id=\"483\" src=\"https:\/\/i0.wp.com\/amethyst-ottawa.org\/wp-content\/uploads\/2025\/04\/4.png?resize=2430%2C2430&#038;ssl=1\" alt=\"This place also allows us to run Amethyst using a non-hierarchical decision-making process.\" class=\"wp-image-483\"\/><\/figure>\n<\/figure>\n\n\n\n<figure class=\"wp-block-image size-full wp-duotone-unset-7\"><img data-recalc-dims=\"1\" loading=\"lazy\" decoding=\"async\" width=\"2430\" height=\"2430\" data-attachment-id=\"484\" data-permalink=\"https:\/\/amethyst-ottawa.org\/fr\/5-3\/\" data-orig-file=\"https:\/\/i0.wp.com\/amethyst-ottawa.org\/wp-content\/uploads\/2025\/04\/5.png?fit=2430%2C2430&amp;ssl=1\" data-orig-size=\"2430,2430\" data-comments-opened=\"1\" data-image-meta=\"{&quot;aperture&quot;:&quot;0&quot;,&quot;credit&quot;:&quot;&quot;,&quot;camera&quot;:&quot;&quot;,&quot;caption&quot;:&quot;&quot;,&quot;created_timestamp&quot;:&quot;0&quot;,&quot;copyright&quot;:&quot;&quot;,&quot;focal_length&quot;:&quot;0&quot;,&quot;iso&quot;:&quot;0&quot;,&quot;shutter_speed&quot;:&quot;0&quot;,&quot;title&quot;:&quot;&quot;,&quot;orientation&quot;:&quot;0&quot;}\" data-image-title=\"5\" data-image-description=\"\" data-image-caption=\"\" data-medium-file=\"https:\/\/i0.wp.com\/amethyst-ottawa.org\/wp-content\/uploads\/2025\/04\/5.png?fit=300%2C300&amp;ssl=1\" data-large-file=\"https:\/\/i0.wp.com\/amethyst-ottawa.org\/wp-content\/uploads\/2025\/04\/5.png?fit=1024%2C1024&amp;ssl=1\" src=\"https:\/\/i0.wp.com\/amethyst-ottawa.org\/wp-content\/uploads\/2025\/04\/5.png?resize=2430%2C2430&#038;ssl=1\" alt=\"2025 brings many challenges, but we continue to do the work of a feminist collective. We do this for\u2014and couldn\u2019t do it without\u2014our community.\" class=\"wp-image-484\"\/><\/figure>\n","protected":false},"excerpt":{"rendered":"<p>La mission Amethyst soutient les femmes et les personnes de diverses identit\u00e9s de genre en offrant une gamme de services alternatifs en mati\u00e8re de toxicomanie. Notre mission est d&rsquo;aider notre communaut\u00e9 \u00e0 prendre le contr\u00f4le des facteurs qui ont un impact sur notre sant\u00e9 et notre bien-\u00eatre dans le cadre de la gu\u00e9rison et du [&hellip;]<\/p>\n","protected":false},"author":262203834,"featured_media":0,"parent":0,"menu_order":0,"comment_status":"closed","ping_status":"closed","template":"","meta":{"_crdt_document":"","advanced_seo_description":"","jetpack_seo_html_title":"","jetpack_seo_noindex":false,"jetpack_post_was_ever_published":true,"footnotes":""},"class_list":["post-501","page","type-page","status-publish","hentry"],"jetpack_likes_enabled":true,"jetpack_sharing_enabled":true,"jetpack_shortlink":"https:\/\/wp.me\/Pgmqwu-85","jetpack-related-posts":[],"_links":{"self":[{"href":"https:\/\/amethyst-ottawa.org\/fr\/wp-json\/wp\/v2\/pages\/501","targetHints":{"allow":["GET"]}}],"collection":[{"href":"https:\/\/amethyst-ottawa.org\/fr\/wp-json\/wp\/v2\/pages"}],"about":[{"href":"https:\/\/amethyst-ottawa.org\/fr\/wp-json\/wp\/v2\/types\/page"}],"author":[{"embeddable":true,"href":"https:\/\/amethyst-ottawa.org\/fr\/wp-json\/wp\/v2\/users\/262203834"}],"replies":[{"embeddable":true,"href":"https:\/\/amethyst-ottawa.org\/fr\/wp-json\/wp\/v2\/comments?post=501"}],"version-history":[{"count":5,"href":"https:\/\/amethyst-ottawa.org\/fr\/wp-json\/wp\/v2\/pages\/501\/revisions"}],"predecessor-version":[{"id":635,"href":"https:\/\/amethyst-ottawa.org\/fr\/wp-json\/wp\/v2\/pages\/501\/revisions\/635"}],"wp:attachment":[{"href":"https:\/\/amethyst-ottawa.org\/fr\/wp-json\/wp\/v2\/media?parent=501"}],"curies":[{"name":"wp","href":"https:\/\/api.w.org\/{rel}","templated":true}]}}