{"id":489,"date":"2025-03-18T13:31:41","date_gmt":"2025-03-18T17:31:41","guid":{"rendered":"https:\/\/amethyst-ottawa.org\/nos-services\/"},"modified":"2025-04-07T20:13:58","modified_gmt":"2025-04-08T00:13:58","slug":"nos-services","status":"publish","type":"page","link":"https:\/\/amethyst-ottawa.org\/fr\/nos-services\/","title":{"rendered":"Nos services"},"content":{"rendered":"\n<div class=\"wp-block-group alignwide has-global-padding is-layout-constrained wp-block-group-is-layout-constrained\">\n<div class=\"wp-block-columns alignwide is-layout-flex wp-container-core-columns-is-layout-241b7e69 wp-block-columns-is-layout-flex\">\n<div class=\"wp-block-column is-layout-flow wp-block-column-is-layout-flow\" style=\"flex-basis:45%\"><\/div>\n\n\n\n<div class=\"wp-block-column is-layout-flow wp-block-column-is-layout-flow\" style=\"flex-basis:5%\"><\/div>\n\n\n\n<div class=\"wp-block-column is-layout-flow wp-block-column-is-layout-flow\" style=\"flex-basis:0%\"><\/div>\n<\/div>\n<\/div>\n\n<div class=\"wp-block-group alignwide is-content-justification-center is-nowrap is-layout-flex wp-container-core-group-is-layout-0d718681 wp-block-group-is-layout-flex\">\n<h3 class=\"wp-block-heading alignwide has-text-align-left has-black-color has-text-color has-link-color wp-elements-a6d04c358c267aaea2f9c8b68bdd8b00\">Nos services sont gratuits, offerts en anglais et en fran\u00e7ais, et peuvent \u00eatre fournis en personne ou \u00e0 distance en ligne.<\/h3>\n<\/div>\n\n<div class=\"wp-block-group alignfull is-style-section-3 has-global-padding is-content-justification-center is-layout-constrained wp-container-core-group-is-layout-3fa910a1 wp-block-group-is-layout-constrained\" style=\"margin-top:0;margin-bottom:0;padding-top:var(--wp--preset--spacing--50);padding-bottom:var(--wp--preset--spacing--50)\">\n<div class=\"wp-block-group alignwide is-layout-flow wp-container-core-group-is-layout-242f6b88 wp-block-group-is-layout-flow\">\n<div class=\"wp-block-columns alignwide is-layout-flex wp-container-core-columns-is-layout-01b47c9a wp-block-columns-is-layout-flex\">\n<div class=\"wp-block-column is-layout-flow wp-block-column-is-layout-flow\" style=\"padding-top:24px;padding-bottom:24px\">\n<h2 class=\"wp-block-heading alignwide has-text-align-left is-service-name\">Th\u00e9rapie<\/h2>\n\n\n\n<figure class=\"wp-block-image size-full wp-duotone-unset-1\"><img data-recalc-dims=\"1\" loading=\"lazy\" decoding=\"async\" width=\"500\" height=\"500\" src=\"https:\/\/i0.wp.com\/amethyst-ottawa.org\/wp-content\/uploads\/2025\/03\/4.png?resize=500%2C500&#038;ssl=1\" alt=\"\" class=\"wp-image-128\"\/><\/figure>\n<\/div>\n\n\n\n<div class=\"wp-block-column is-layout-flow wp-block-column-is-layout-flow\">\n<div class=\"wp-block-group alignwide is-layout-flow wp-block-group-is-layout-flow\" style=\"border-bottom-width:1px;padding-top:40px;padding-bottom:40px\">\n<p class=\"is-service-description has-black-color has-text-color has-link-color wp-elements-4fa5f0ab8e27bc81756554335ad5b167 wp-block-paragraph\">Amethyst propose des th\u00e9rapies individuelles<br\/>et des th\u00e9rapies de groupe, y compris des conseils individuels \u00e0 long terme et un soutien hebdomadaire par les pairs anim\u00e9 par des th\u00e9rapeutes qualifi\u00e9\u00b7e\u00b7s.<\/p>\n\n\n\n<p class=\"is-service-link wp-block-paragraph\"><a href=\"https:\/\/amethyst-ottawa.org\/fr\/?page_id=519\">En savoir plus <\/a>\u2192<\/p>\n<\/div>\n<\/div>\n<\/div>\n\n\n\n<div class=\"wp-block-columns alignwide is-layout-flex wp-container-core-columns-is-layout-01b47c9a wp-block-columns-is-layout-flex\">\n<div class=\"wp-block-column is-layout-flow wp-block-column-is-layout-flow\" style=\"padding-top:24px;padding-bottom:24px\">\n<h2 class=\"wp-block-heading alignwide has-text-align-left is-service-name\">Ateliers et programmes intensifs<\/h2>\n\n\n\n<figure class=\"wp-block-image size-full wp-duotone-unset-2\"><img data-recalc-dims=\"1\" loading=\"lazy\" decoding=\"async\" width=\"500\" height=\"500\" src=\"https:\/\/i0.wp.com\/amethyst-ottawa.org\/wp-content\/uploads\/2025\/03\/5.png?resize=500%2C500&#038;ssl=1\" alt=\"\" class=\"wp-image-129\"\/><\/figure>\n<\/div>\n\n\n\n<div class=\"wp-block-column is-layout-flow wp-block-column-is-layout-flow\">\n<div class=\"wp-block-group alignwide is-layout-flow wp-block-group-is-layout-flow\" style=\"border-bottom-width:1px;padding-top:40px;padding-bottom:40px\">\n<p class=\"has-black-color has-text-color has-link-color wp-elements-9f41c03dc1da68c145fd94cc880eccf8 wp-block-paragraph\">Selon les disponibilit\u00e9s, les client\u00b7e\u00b7s peuvent acc\u00e9der imm\u00e9diatement \u00e0 un programme de r\u00e9tablissement intensif.<\/p>\n\n\n\n<p class=\"is-service-description has-black-color has-text-color has-link-color wp-elements-65baf1c6c190b1b1f82a3647ba84bb83 wp-block-paragraph\">Les th\u00e8mes abord\u00e9s comprennent les traumatismes de l&rsquo;enfance et de la famille, les violences sexuelles et la pr\u00e9vention des rechutes.<\/p>\n\n\n\n<p class=\"is-service-link wp-block-paragraph\"><a href=\"https:\/\/amethyst-ottawa.org\/fr\/?page_id=522\">En savoir plus \u2192<\/a><\/p>\n<\/div>\n<\/div>\n<\/div>\n\n\n\n<div class=\"wp-block-columns alignwide is-layout-flex wp-container-core-columns-is-layout-01b47c9a wp-block-columns-is-layout-flex\">\n<div class=\"wp-block-column is-layout-flow wp-block-column-is-layout-flow\" style=\"padding-top:24px;padding-bottom:24px\">\n<h2 class=\"wp-block-heading alignwide has-text-align-left is-service-name\">Promotion de la sant\u00e9  <\/h2>\n\n\n\n<figure class=\"wp-block-image size-full wp-duotone-unset-3\"><img data-recalc-dims=\"1\" loading=\"lazy\" decoding=\"async\" width=\"500\" height=\"500\" src=\"https:\/\/i0.wp.com\/amethyst-ottawa.org\/wp-content\/uploads\/2025\/03\/6.png?resize=500%2C500&#038;ssl=1\" alt=\"\" class=\"wp-image-130\"\/><\/figure>\n<\/div>\n\n\n\n<div class=\"wp-block-column is-layout-flow wp-block-column-is-layout-flow\">\n<div class=\"wp-block-group alignwide is-layout-flow wp-block-group-is-layout-flow\" style=\"border-bottom-width:1px;padding-top:40px;padding-bottom:40px\">\n<p class=\"is-service-description has-black-color has-text-color has-link-color wp-elements-70b4b9344ed83a5c0964263f5bb6bef7 wp-block-paragraph\">Nous soutenons notre communaut\u00e9 dans son ensemble en proposant des ateliers psycho\u00e9ducatifs et des strat\u00e9gies de r\u00e9duction des m\u00e9faits.<\/p>\n\n\n\n<p class=\"is-service-link wp-block-paragraph\"><a href=\"https:\/\/amethyst-ottawa.org\/fr\/?page_id=496\">En savoir plus \u2192<\/a><\/p>\n<\/div>\n<\/div>\n<\/div>\n<\/div>\n<\/div>\n\n<div class=\"wp-block-group alignfull has-contrast-color has-text-color is-vertical is-content-justification-center is-layout-flex wp-container-core-group-is-layout-f2b55546 wp-block-group-is-layout-flex\" style=\"min-height:0vh;margin-top:0;margin-bottom:0;padding-top:var(--wp--preset--spacing--20);padding-right:var(--wp--preset--spacing--80);padding-bottom:var(--wp--preset--spacing--20);padding-left:var(--wp--preset--spacing--80)\">\n<div class=\"wp-block-group is-nowrap is-layout-flex wp-container-core-group-is-layout-cb0a7ccb wp-block-group-is-layout-flex\"\/>\n\n\n\n<div class=\"wp-block-group is-nowrap is-layout-flex wp-container-core-group-is-layout-cb0a7ccb wp-block-group-is-layout-flex\">\n<p class=\"has-text-align-center has-text-color has-link-color has-medium-font-size wp-elements-f9f84033b78b90a84417d8bcdd660244 wp-block-paragraph\" style=\"color:#5a2d82\">Centre Amethyst d&rsquo;Ottawa est financ\u00e9 par<\/p>\n<\/div>\n\n\n\n<div class=\"wp-block-group is-nowrap is-layout-flex wp-container-core-group-is-layout-cb0a7ccb wp-block-group-is-layout-flex\">\n<figure class=\"wp-block-image size-large is-resized wp-duotone-unset-4\" style=\"margin-top:var(--wp--preset--spacing--30);margin-bottom:var(--wp--preset--spacing--30)\"><img data-recalc-dims=\"1\" loading=\"lazy\" decoding=\"async\" width=\"498\" height=\"167\" src=\"https:\/\/i0.wp.com\/amethyst-ottawa.org\/wp-content\/uploads\/2025\/02\/uweo-en-colour-horizontal-1.png?resize=498%2C167&#038;ssl=1\" alt=\"\" class=\"wp-image-183\" style=\"width:374px;height:auto\"\/><\/figure>\n\n\n\n<figure class=\"wp-block-image size-large is-resized wp-duotone-unset-5\"><img data-recalc-dims=\"1\" loading=\"lazy\" decoding=\"async\" width=\"1024\" height=\"450\" src=\"https:\/\/i0.wp.com\/amethyst-ottawa.org\/wp-content\/uploads\/2025\/04\/OTF-Logo_Horiz-Colour.png?resize=1024%2C450&#038;ssl=1\" alt=\"\" class=\"wp-image-696\" style=\"width:327px;height:auto\" srcset=\"https:\/\/i0.wp.com\/amethyst-ottawa.org\/wp-content\/uploads\/2025\/04\/OTF-Logo_Horiz-Colour.png?resize=1024%2C450&amp;ssl=1 1024w, https:\/\/i0.wp.com\/amethyst-ottawa.org\/wp-content\/uploads\/2025\/04\/OTF-Logo_Horiz-Colour.png?resize=300%2C132&amp;ssl=1 300w, https:\/\/i0.wp.com\/amethyst-ottawa.org\/wp-content\/uploads\/2025\/04\/OTF-Logo_Horiz-Colour.png?resize=768%2C338&amp;ssl=1 768w, https:\/\/i0.wp.com\/amethyst-ottawa.org\/wp-content\/uploads\/2025\/04\/OTF-Logo_Horiz-Colour.png?resize=1536%2C676&amp;ssl=1 1536w, https:\/\/i0.wp.com\/amethyst-ottawa.org\/wp-content\/uploads\/2025\/04\/OTF-Logo_Horiz-Colour.png?w=1989&amp;ssl=1 1989w\" sizes=\"auto, (max-width: 1000px) 100vw, 1000px\" \/><\/figure>\n\n\n\n<figure class=\"wp-block-image size-large is-resized wp-duotone-unset-6\" style=\"margin-top:0;margin-right:var(--wp--preset--spacing--30);margin-bottom:0;margin-left:var(--wp--preset--spacing--30)\"><img data-recalc-dims=\"1\" loading=\"lazy\" decoding=\"async\" width=\"1088\" height=\"533\" src=\"https:\/\/i0.wp.com\/amethyst-ottawa.org\/wp-content\/uploads\/2025\/02\/oh-eng-pos-rgb-1-1.png?resize=1088%2C533&#038;ssl=1\" alt=\"\" class=\"wp-image-184\" style=\"width:284px;height:auto\"\/><\/figure>\n<\/div>\n<\/div>\n","protected":false},"excerpt":{"rendered":"<p>Nos services sont gratuits, offerts en anglais et en fran\u00e7ais, et peuvent \u00eatre fournis en personne ou \u00e0 distance en ligne. Th\u00e9rapie Amethyst propose des th\u00e9rapies individuelleset des th\u00e9rapies de groupe, y compris des conseils individuels \u00e0 long terme et un soutien hebdomadaire par les pairs anim\u00e9 par des th\u00e9rapeutes qualifi\u00e9\u00b7e\u00b7s. En savoir plus \u2192 [&hellip;]<\/p>\n","protected":false},"author":262203834,"featured_media":0,"parent":0,"menu_order":0,"comment_status":"closed","ping_status":"closed","template":"","meta":{"_crdt_document":"","advanced_seo_description":"","jetpack_seo_html_title":"","jetpack_seo_noindex":false,"jetpack_post_was_ever_published":true,"footnotes":""},"class_list":["post-489","page","type-page","status-publish","hentry"],"jetpack_likes_enabled":true,"jetpack_sharing_enabled":true,"jetpack_shortlink":"https:\/\/wp.me\/Pgmqwu-7T","jetpack-related-posts":[],"_links":{"self":[{"href":"https:\/\/amethyst-ottawa.org\/fr\/wp-json\/wp\/v2\/pages\/489","targetHints":{"allow":["GET"]}}],"collection":[{"href":"https:\/\/amethyst-ottawa.org\/fr\/wp-json\/wp\/v2\/pages"}],"about":[{"href":"https:\/\/amethyst-ottawa.org\/fr\/wp-json\/wp\/v2\/types\/page"}],"author":[{"embeddable":true,"href":"https:\/\/amethyst-ottawa.org\/fr\/wp-json\/wp\/v2\/users\/262203834"}],"replies":[{"embeddable":true,"href":"https:\/\/amethyst-ottawa.org\/fr\/wp-json\/wp\/v2\/comments?post=489"}],"version-history":[{"count":4,"href":"https:\/\/amethyst-ottawa.org\/fr\/wp-json\/wp\/v2\/pages\/489\/revisions"}],"predecessor-version":[{"id":527,"href":"https:\/\/amethyst-ottawa.org\/fr\/wp-json\/wp\/v2\/pages\/489\/revisions\/527"}],"wp:attachment":[{"href":"https:\/\/amethyst-ottawa.org\/fr\/wp-json\/wp\/v2\/media?parent=489"}],"curies":[{"name":"wp","href":"https:\/\/api.w.org\/{rel}","templated":true}]}}